{"id":2,"date":"2022-12-23T12:37:30","date_gmt":"2022-12-23T12:37:30","guid":{"rendered":"https:\/\/spamassages.nl\/leiden\/?page_id=2"},"modified":"2023-09-04T08:44:30","modified_gmt":"2023-09-04T08:44:30","slug":"voorbeeld-pagina","status":"publish","type":"page","link":"https:\/\/leidenspamassages.nl\/de\/beispielseite\/","title":{"rendered":"Beispielseite"},"content":{"rendered":"<p>Dies ist eine Beispielseite. Sie unterscheidet sich von einem Blogbeitrag, weil sie an einem Ort bleibt und in der Navigation Ihrer Website angezeigt wird (in den meisten Themes). Die meisten Menschen beginnen mit einer \u00dcber-Seite, auf der sie sich potenziellen Besuchern der Website vorstellen. Sie k\u00f6nnte etwa so lauten:<\/p>\n\n\n\n<blockquote class=\"wp-block-quote is-layout-flow wp-block-quote-is-layout-flow\"><p>Hallo zusammen! Ich bin im Alltag Fahrradkurier und abends ein angehender Schauspieler, und dies ist meine Website. Ich lebe in Los Angeles, habe einen s\u00fc\u00dfen Hund namens Jack und ich liebe Pi\u00f1a Coladas. (Und werde vom Regen \u00fcberrascht.)<\/p><\/blockquote>\n\n\n\n<p>...Oder so \u00e4hnlich:<\/p>\n\n\n\n<blockquote class=\"wp-block-quote is-layout-flow wp-block-quote-is-layout-flow\"><p>Die XYZ Doohickey Company wurde 1971 gegr\u00fcndet und bietet seitdem hochwertige Doohickeys f\u00fcr die \u00d6ffentlichkeit an. XYZ hat seinen Sitz in Gotham City und besch\u00e4ftigt mehr als 2.000 Mitarbeiter, die alle m\u00f6glichen gro\u00dfartigen Dinge f\u00fcr die Gemeinschaft in Gotham tun.<\/p><\/blockquote>\n\n\n\n<p>Als neuer WordPress-Benutzer k\u00f6nnen Sie unter <a href=\"https:\/\/spamassages.nl\/leiden\/wp-admin\/\">Ihr Armaturenbrett<\/a> gehen Sie zum L\u00f6schen dieser Seite und f\u00fcgen Sie neue Seiten f\u00fcr Ihren Inhalt hinzu. Viel Spa\u00df!<\/p>","protected":false},"excerpt":{"rendered":"<p>Dit is een voorbeeldpagina. Het is anders dan een blog bericht omdat het op \u00e9\u00e9n plek blijft en tevoorschijn komt in je site navigatie (in de meeste thema&#8217;s). De meeste mensen starten met een Over pagina dat hen voorstelt aan potenti\u00eble site bezoekers. Het zou iets als dit kunnen zeggen: Hoi daar! Ik ben een [&hellip;]<\/p>\n","protected":false},"author":1,"featured_media":0,"parent":0,"menu_order":0,"comment_status":"closed","ping_status":"open","template":"","meta":{"_acf_changed":false,"footnotes":""},"class_list":["post-2","page","type-page","status-publish","hentry"],"acf":[],"yoast_head":"<!-- This site is optimized with the Yoast SEO plugin v27.3 - https:\/\/yoast.com\/product\/yoast-seo-wordpress\/ -->\n<title>Voorbeeld pagina - Leiden Spa Massages &amp; Rituals<\/title>\n<meta name=\"robots\" content=\"index, follow, max-snippet:-1, max-image-preview:large, max-video-preview:-1\" \/>\n<link rel=\"canonical\" href=\"https:\/\/leidenspamassages.nl\/de\/beispielseite\/\" \/>\n<meta property=\"og:locale\" content=\"de_DE\" \/>\n<meta property=\"og:type\" content=\"article\" \/>\n<meta property=\"og:title\" content=\"Voorbeeld pagina - Leiden Spa Massages &amp; Rituals\" \/>\n<meta property=\"og:description\" content=\"Dit is een voorbeeldpagina. Het is anders dan een blog bericht omdat het op \u00e9\u00e9n plek blijft en tevoorschijn komt in je site navigatie (in de meeste thema&#8217;s). De meeste mensen starten met een Over pagina dat hen voorstelt aan potenti\u00eble site bezoekers. Het zou iets als dit kunnen zeggen: Hoi daar! Ik ben een [&hellip;]\" \/>\n<meta property=\"og:url\" content=\"https:\/\/leidenspamassages.nl\/de\/beispielseite\/\" \/>\n<meta property=\"og:site_name\" content=\"Leiden Spa Massages &amp; Rituals\" \/>\n<meta property=\"article:modified_time\" content=\"2023-09-04T08:44:30+00:00\" \/>\n<meta name=\"twitter:card\" content=\"summary_large_image\" \/>\n<meta name=\"twitter:label1\" content=\"Gesch\u00e4tzte Lesezeit\" \/>\n\t<meta name=\"twitter:data1\" content=\"1\u00a0Minute\" \/>\n<script type=\"application\/ld+json\" class=\"yoast-schema-graph\">{\"@context\":\"https:\\\/\\\/schema.org\",\"@graph\":[{\"@type\":\"WebPage\",\"@id\":\"https:\\\/\\\/leidenspamassages.nl\\\/voorbeeld-pagina\\\/\",\"url\":\"https:\\\/\\\/leidenspamassages.nl\\\/voorbeeld-pagina\\\/\",\"name\":\"Voorbeeld pagina - Leiden Spa Massages &amp; Rituals\",\"isPartOf\":{\"@id\":\"https:\\\/\\\/leidenspamassages.nl\\\/#website\"},\"datePublished\":\"2022-12-23T12:37:30+00:00\",\"dateModified\":\"2023-09-04T08:44:30+00:00\",\"inLanguage\":\"de\",\"potentialAction\":[{\"@type\":\"ReadAction\",\"target\":[\"https:\\\/\\\/leidenspamassages.nl\\\/voorbeeld-pagina\\\/\"]}]},{\"@type\":\"WebSite\",\"@id\":\"https:\\\/\\\/leidenspamassages.nl\\\/#website\",\"url\":\"https:\\\/\\\/leidenspamassages.nl\\\/\",\"name\":\"Leiden Spa Massages &amp; Rituals\",\"description\":\"\",\"publisher\":{\"@id\":\"https:\\\/\\\/leidenspamassages.nl\\\/#organization\"},\"potentialAction\":[{\"@type\":\"SearchAction\",\"target\":{\"@type\":\"EntryPoint\",\"urlTemplate\":\"https:\\\/\\\/leidenspamassages.nl\\\/?s={search_term_string}\"},\"query-input\":{\"@type\":\"PropertyValueSpecification\",\"valueRequired\":true,\"valueName\":\"search_term_string\"}}],\"inLanguage\":\"de\"},{\"@type\":\"Organization\",\"@id\":\"https:\\\/\\\/leidenspamassages.nl\\\/#organization\",\"name\":\"Leiden Spa Massages &amp; Rituals\",\"url\":\"https:\\\/\\\/leidenspamassages.nl\\\/\",\"logo\":{\"@type\":\"ImageObject\",\"inLanguage\":\"de\",\"@id\":\"https:\\\/\\\/leidenspamassages.nl\\\/#\\\/schema\\\/logo\\\/image\\\/\",\"url\":\"https:\\\/\\\/leidenspamassages.nl\\\/wp-content\\\/uploads\\\/sites\\\/3\\\/2022\\\/12\\\/Leiden_Spa_Massage_en_Rituals-logo.png\",\"contentUrl\":\"https:\\\/\\\/leidenspamassages.nl\\\/wp-content\\\/uploads\\\/sites\\\/3\\\/2022\\\/12\\\/Leiden_Spa_Massage_en_Rituals-logo.png\",\"width\":1000,\"height\":502,\"caption\":\"Leiden Spa Massages &amp; Rituals\"},\"image\":{\"@id\":\"https:\\\/\\\/leidenspamassages.nl\\\/#\\\/schema\\\/logo\\\/image\\\/\"}}]}<\/script>\n<!-- \/ Yoast SEO plugin. -->","yoast_head_json":{"title":"Musterseite - Leiden Spa Massages &amp; Rituals","robots":{"index":"index","follow":"follow","max-snippet":"max-snippet:-1","max-image-preview":"max-image-preview:large","max-video-preview":"max-video-preview:-1"},"canonical":"https:\/\/leidenspamassages.nl\/de\/beispielseite\/","og_locale":"de_DE","og_type":"article","og_title":"Voorbeeld pagina - Leiden Spa Massages &amp; Rituals","og_description":"Dit is een voorbeeldpagina. Het is anders dan een blog bericht omdat het op \u00e9\u00e9n plek blijft en tevoorschijn komt in je site navigatie (in de meeste thema&#8217;s). De meeste mensen starten met een Over pagina dat hen voorstelt aan potenti\u00eble site bezoekers. Het zou iets als dit kunnen zeggen: Hoi daar! Ik ben een [&hellip;]","og_url":"https:\/\/leidenspamassages.nl\/de\/beispielseite\/","og_site_name":"Leiden Spa Massages &amp; Rituals","article_modified_time":"2023-09-04T08:44:30+00:00","twitter_card":"summary_large_image","twitter_misc":{"Gesch\u00e4tzte Lesezeit":"1\u00a0Minute"},"schema":{"@context":"https:\/\/schema.org","@graph":[{"@type":"WebPage","@id":"https:\/\/leidenspamassages.nl\/voorbeeld-pagina\/","url":"https:\/\/leidenspamassages.nl\/voorbeeld-pagina\/","name":"Musterseite - Leiden Spa Massages &amp; Rituals","isPartOf":{"@id":"https:\/\/leidenspamassages.nl\/#website"},"datePublished":"2022-12-23T12:37:30+00:00","dateModified":"2023-09-04T08:44:30+00:00","inLanguage":"de","potentialAction":[{"@type":"ReadAction","target":["https:\/\/leidenspamassages.nl\/voorbeeld-pagina\/"]}]},{"@type":"WebSite","@id":"https:\/\/leidenspamassages.nl\/#website","url":"https:\/\/leidenspamassages.nl\/","name":"Leiden Spa Massagen &amp; Rituale","description":"","publisher":{"@id":"https:\/\/leidenspamassages.nl\/#organization"},"potentialAction":[{"@type":"SearchAction","target":{"@type":"EntryPoint","urlTemplate":"https:\/\/leidenspamassages.nl\/?s={search_term_string}"},"query-input":{"@type":"PropertyValueSpecification","valueRequired":true,"valueName":"search_term_string"}}],"inLanguage":"de"},{"@type":"Organization","@id":"https:\/\/leidenspamassages.nl\/#organization","name":"Leiden Spa Massagen &amp; Rituale","url":"https:\/\/leidenspamassages.nl\/","logo":{"@type":"ImageObject","inLanguage":"de","@id":"https:\/\/leidenspamassages.nl\/#\/schema\/logo\/image\/","url":"https:\/\/leidenspamassages.nl\/wp-content\/uploads\/sites\/3\/2022\/12\/Leiden_Spa_Massage_en_Rituals-logo.png","contentUrl":"https:\/\/leidenspamassages.nl\/wp-content\/uploads\/sites\/3\/2022\/12\/Leiden_Spa_Massage_en_Rituals-logo.png","width":1000,"height":502,"caption":"Leiden Spa Massages &amp; Rituals"},"image":{"@id":"https:\/\/leidenspamassages.nl\/#\/schema\/logo\/image\/"}}]}},"_links":{"self":[{"href":"https:\/\/leidenspamassages.nl\/de\/wp-json\/wp\/v2\/pages\/2","targetHints":{"allow":["GET"]}}],"collection":[{"href":"https:\/\/leidenspamassages.nl\/de\/wp-json\/wp\/v2\/pages"}],"about":[{"href":"https:\/\/leidenspamassages.nl\/de\/wp-json\/wp\/v2\/types\/page"}],"author":[{"embeddable":true,"href":"https:\/\/leidenspamassages.nl\/de\/wp-json\/wp\/v2\/users\/1"}],"replies":[{"embeddable":true,"href":"https:\/\/leidenspamassages.nl\/de\/wp-json\/wp\/v2\/comments?post=2"}],"version-history":[{"count":1,"href":"https:\/\/leidenspamassages.nl\/de\/wp-json\/wp\/v2\/pages\/2\/revisions"}],"predecessor-version":[{"id":2065,"href":"https:\/\/leidenspamassages.nl\/de\/wp-json\/wp\/v2\/pages\/2\/revisions\/2065"}],"wp:attachment":[{"href":"https:\/\/leidenspamassages.nl\/de\/wp-json\/wp\/v2\/media?parent=2"}],"curies":[{"name":"wp","href":"https:\/\/api.w.org\/{rel}","templated":true}]}}