{"id":7397,"date":"2025-09-26T15:49:28","date_gmt":"2025-09-26T13:49:28","guid":{"rendered":"https:\/\/leidenspamassages.nl\/?page_id=7397"},"modified":"2025-09-29T10:00:39","modified_gmt":"2025-09-29T08:00:39","slug":"duo-massage-oegstgeest","status":"publish","type":"page","link":"https:\/\/leidenspamassages.nl\/de\/duo-massage-oegstgeest\/","title":{"rendered":"Duo-Massage Oegstgeest"},"content":{"rendered":"<div data-elementor-type=\"wp-page\" data-elementor-id=\"7397\" class=\"elementor elementor-7397\" data-elementor-post-type=\"page\">\n\t\t\t\t\t\t<section class=\"elementor-section elementor-top-section elementor-element elementor-element-555670c4 elementor-section-boxed elementor-section-height-default elementor-section-height-default\" data-id=\"555670c4\" data-element_type=\"section\" data-e-type=\"section\">\n\t\t\t\t\t\t<div class=\"elementor-container elementor-column-gap-default\">\n\t\t\t\t\t<div class=\"elementor-column elementor-col-100 elementor-top-column elementor-element elementor-element-2482b045\" data-id=\"2482b045\" data-element_type=\"column\" data-e-type=\"column\">\n\t\t\t<div class=\"elementor-widget-wrap\">\n\t\t\t\t\t\t\t<\/div>\n\t\t<\/div>\n\t\t\t\t\t<\/div>\n\t\t<\/section>\n\t\t\t\t<section class=\"elementor-section elementor-top-section elementor-element elementor-element-32b6c359 elementor-section-boxed elementor-section-height-default elementor-section-height-default\" data-id=\"32b6c359\" data-element_type=\"section\" data-e-type=\"section\">\n\t\t\t\t\t\t<div class=\"elementor-container elementor-column-gap-default\">\n\t\t\t\t\t<div class=\"elementor-column elementor-col-100 elementor-top-column elementor-element elementor-element-4d8eea9b\" data-id=\"4d8eea9b\" data-element_type=\"column\" data-e-type=\"column\">\n\t\t\t<div class=\"elementor-widget-wrap elementor-element-populated\">\n\t\t\t\t\t\t<section class=\"elementor-section elementor-inner-section elementor-element elementor-element-68d9f6b8 elementor-section-boxed elementor-section-height-default elementor-section-height-default\" data-id=\"68d9f6b8\" data-element_type=\"section\" data-e-type=\"section\">\n\t\t\t\t\t\t<div class=\"elementor-container elementor-column-gap-no\">\n\t\t\t\t\t<div class=\"elementor-column elementor-col-33 elementor-inner-column elementor-element elementor-element-65c1659c\" data-id=\"65c1659c\" data-element_type=\"column\" data-e-type=\"column\">\n\t\t\t<div class=\"elementor-widget-wrap\">\n\t\t\t\t\t\t\t<\/div>\n\t\t<\/div>\n\t\t\t\t<div class=\"elementor-column elementor-col-66 elementor-inner-column elementor-element elementor-element-41e8e56c image-offset-top-left border-green\" data-id=\"41e8e56c\" data-element_type=\"column\" data-e-type=\"column\" data-settings=\"{&quot;background_background&quot;:&quot;classic&quot;}\">\n\t\t\t<div class=\"elementor-widget-wrap elementor-element-populated\">\n\t\t\t\t\t\t<div class=\"elementor-element elementor-element-759500c1 elementor-widget elementor-widget-spacer\" data-id=\"759500c1\" data-element_type=\"widget\" data-e-type=\"widget\" data-widget_type=\"spacer.default\">\n\t\t\t\t<div class=\"elementor-widget-container\">\n\t\t\t\t\t\t\t<div class=\"elementor-spacer\">\n\t\t\t<div class=\"elementor-spacer-inner\"><\/div>\n\t\t<\/div>\n\t\t\t\t\t\t<\/div>\n\t\t\t\t<\/div>\n\t\t\t\t\t<\/div>\n\t\t<\/div>\n\t\t\t\t\t<\/div>\n\t\t<\/section>\n\t\t\t\t<section class=\"elementor-section elementor-inner-section elementor-element elementor-element-10a6fecc elementor-section-boxed elementor-section-height-default elementor-section-height-default\" data-id=\"10a6fecc\" data-element_type=\"section\" data-e-type=\"section\">\n\t\t\t\t\t\t<div class=\"elementor-container elementor-column-gap-no\">\n\t\t\t\t\t<div class=\"elementor-column elementor-col-50 elementor-inner-column elementor-element elementor-element-6fd968d3\" data-id=\"6fd968d3\" data-element_type=\"column\" data-e-type=\"column\" data-settings=\"{&quot;background_background&quot;:&quot;classic&quot;}\">\n\t\t\t<div class=\"elementor-widget-wrap elementor-element-populated\">\n\t\t\t\t\t\t<div class=\"elementor-element elementor-element-15a8221f elementor-widget elementor-widget-heading\" data-id=\"15a8221f\" data-element_type=\"widget\" data-e-type=\"widget\" data-widget_type=\"heading.default\">\n\t\t\t\t<div class=\"elementor-widget-container\">\n\t\t\t\t\t<h1 class=\"elementor-heading-title elementor-size-default\">Duo-Massage Oegstgeest<\/h1>\t\t\t\t<\/div>\n\t\t\t\t<\/div>\n\t\t\t\t<div class=\"elementor-element elementor-element-42de07a1 elementor-widget elementor-widget-text-editor\" data-id=\"42de07a1\" data-element_type=\"widget\" data-e-type=\"widget\" data-widget_type=\"text-editor.default\">\n\t\t\t\t<div class=\"elementor-widget-container\">\n\t\t\t\t\t\t\t\t\t<div class=\"elementor-element elementor-element-e18d7b5 elementor-widget elementor-widget-text-editor\" data-id=\"e18d7b5\" data-element_type=\"widget\" data-widget_type=\"text-editor.default\"><div class=\"elementor-widget-container\">A <a href=\"https:\/\/leidenspamassages.nl\/de\/duo-massage-oegstgeest\/\">duo massage Oegstgeest<\/a> ist der perfekte Weg, um gemeinsam Entspannung und Erholung zu genie\u00dfen. Unter <a href=\"\/de\/\">LeidenSpa<\/a> k\u00f6nnen Sie gleichzeitig eine auf Ihre pers\u00f6nlichen Vorlieben zugeschnittene Massage in einem stimmungsvollen Behandlungsraum genie\u00dfen.<\/div><\/div>\t\t\t\t\t\t\t\t<\/div>\n\t\t\t\t<\/div>\n\t\t\t\t<div class=\"elementor-element elementor-element-2ded6677 elementor-button-success elementor-align-left elementor-widget__width-auto elementor-widget elementor-widget-button\" data-id=\"2ded6677\" data-element_type=\"widget\" data-e-type=\"widget\" data-widget_type=\"button.default\">\n\t\t\t\t<div class=\"elementor-widget-container\">\n\t\t\t\t\t\t\t\t\t<div class=\"elementor-button-wrapper\">\n\t\t\t\t\t<a class=\"elementor-button elementor-button-link elementor-size-xs\" href=\"https:\/\/leidenspamassages.nl\/de\/massagen\/\" target=\"_blank\">\n\t\t\t\t\t\t<span class=\"elementor-button-content-wrapper\">\n\t\t\t\t\t\t\t\t\t<span class=\"elementor-button-text\">Massagen ansehen<\/span>\n\t\t\t\t\t<\/span>\n\t\t\t\t\t<\/a>\n\t\t\t\t<\/div>\n\t\t\t\t\t\t\t\t<\/div>\n\t\t\t\t<\/div>\n\t\t\t\t\t<\/div>\n\t\t<\/div>\n\t\t\t\t<div class=\"elementor-column elementor-col-50 elementor-inner-column elementor-element elementor-element-370805bd elementor-hidden-tablet elementor-hidden-mobile\" data-id=\"370805bd\" data-element_type=\"column\" data-e-type=\"column\" data-settings=\"{&quot;background_background&quot;:&quot;classic&quot;}\">\n\t\t\t<div class=\"elementor-widget-wrap elementor-element-populated\">\n\t\t\t\t\t\t<div class=\"elementor-element elementor-element-3856f6c6 elementor-widget elementor-widget-spacer\" data-id=\"3856f6c6\" data-element_type=\"widget\" data-e-type=\"widget\" data-widget_type=\"spacer.default\">\n\t\t\t\t<div class=\"elementor-widget-container\">\n\t\t\t\t\t\t\t<div class=\"elementor-spacer\">\n\t\t\t<div class=\"elementor-spacer-inner\"><\/div>\n\t\t<\/div>\n\t\t\t\t\t\t<\/div>\n\t\t\t\t<\/div>\n\t\t\t\t\t<\/div>\n\t\t<\/div>\n\t\t\t\t<div class=\"elementor-column elementor-col-50 elementor-inner-column elementor-element elementor-element-1ce18744\" data-id=\"1ce18744\" data-element_type=\"column\" data-e-type=\"column\">\n\t\t\t<div class=\"elementor-widget-wrap\">\n\t\t\t\t\t\t\t<\/div>\n\t\t<\/div>\n\t\t\t\t\t<\/div>\n\t\t<\/section>\n\t\t\t\t\t<\/div>\n\t\t<\/div>\n\t\t\t\t\t<\/div>\n\t\t<\/section>\n\t\t\t\t<section class=\"elementor-section elementor-top-section elementor-element elementor-element-5cd9c07a elementor-section-boxed elementor-section-height-default elementor-section-height-default\" data-id=\"5cd9c07a\" data-element_type=\"section\" data-e-type=\"section\">\n\t\t\t\t\t\t<div class=\"elementor-container elementor-column-gap-default\">\n\t\t\t\t\t<div class=\"elementor-column elementor-col-100 elementor-top-column elementor-element elementor-element-14dd292a\" data-id=\"14dd292a\" data-element_type=\"column\" data-e-type=\"column\">\n\t\t\t<div class=\"elementor-widget-wrap elementor-element-populated\">\n\t\t\t\t\t\t<section class=\"elementor-section elementor-inner-section elementor-element elementor-element-af618e2 elementor-section-boxed elementor-section-height-default elementor-section-height-default\" data-id=\"af618e2\" data-element_type=\"section\" data-e-type=\"section\">\n\t\t\t\t\t\t<div class=\"elementor-container elementor-column-gap-no\">\n\t\t\t\t\t<div class=\"elementor-column elementor-col-50 elementor-inner-column elementor-element elementor-element-444cd66d\" data-id=\"444cd66d\" data-element_type=\"column\" data-e-type=\"column\">\n\t\t\t<div class=\"elementor-widget-wrap\">\n\t\t\t\t\t\t\t<\/div>\n\t\t<\/div>\n\t\t\t\t<div class=\"elementor-column elementor-col-50 elementor-inner-column elementor-element elementor-element-49d969b0\" data-id=\"49d969b0\" data-element_type=\"column\" data-e-type=\"column\" data-settings=\"{&quot;background_background&quot;:&quot;classic&quot;}\">\n\t\t\t<div class=\"elementor-widget-wrap elementor-element-populated\">\n\t\t\t\t\t\t<div class=\"elementor-element elementor-element-745896eb elementor-widget elementor-widget-heading\" data-id=\"745896eb\" data-element_type=\"widget\" data-e-type=\"widget\" data-widget_type=\"heading.default\">\n\t\t\t\t<div class=\"elementor-widget-container\">\n\t\t\t\t\t<h2 class=\"elementor-heading-title elementor-size-default\">Entspannen als Paar in Oegstgeest<\/h2>\t\t\t\t<\/div>\n\t\t\t\t<\/div>\n\t\t\t\t<div class=\"elementor-element elementor-element-25e45e32 elementor-widget elementor-widget-text-editor\" data-id=\"25e45e32\" data-element_type=\"widget\" data-e-type=\"widget\" data-widget_type=\"text-editor.default\">\n\t\t\t\t<div class=\"elementor-widget-container\">\n\t\t\t\t\t\t\t\t\t<p>Eine Duo-Massage bietet nicht nur Entspannung, sondern st\u00e4rkt auch das Gef\u00fchl der Verbundenheit. Viele Paare, Freunde oder Familien w\u00e4hlen diese Erfahrung, um sich gemeinsam zu entspannen. Sie hilft, Stress abzubauen und die Durchblutung zu verbessern. F\u00fcr diejenigen, die es vorziehen, einzeln zu kommen, ist eine <a href=\"https:\/\/leidenspamassages.nl\/de\/masgeschneiderte-entspannungsmassage\/\">Entspannungsmassage<\/a> eine ausgezeichnete Wahl, um allein zu entspannen.<\/p>\t\t\t\t\t\t\t\t<\/div>\n\t\t\t\t<\/div>\n\t\t\t\t\t<\/div>\n\t\t<\/div>\n\t\t\t\t\t<\/div>\n\t\t<\/section>\n\t\t\t\t<section class=\"elementor-section elementor-inner-section elementor-element elementor-element-47eae372 elementor-section-boxed elementor-section-height-default elementor-section-height-default\" data-id=\"47eae372\" data-element_type=\"section\" data-e-type=\"section\">\n\t\t\t\t\t\t<div class=\"elementor-container elementor-column-gap-default\">\n\t\t\t\t\t<div class=\"elementor-column elementor-col-33 elementor-inner-column elementor-element elementor-element-76857742 image-offset-bottom-right border-green\" data-id=\"76857742\" data-element_type=\"column\" data-e-type=\"column\" data-settings=\"{&quot;background_background&quot;:&quot;classic&quot;}\">\n\t\t\t<div class=\"elementor-widget-wrap elementor-element-populated\">\n\t\t\t\t\t\t<div class=\"elementor-element elementor-element-e599d22 elementor-widget elementor-widget-spacer\" data-id=\"e599d22\" data-element_type=\"widget\" data-e-type=\"widget\" data-widget_type=\"spacer.default\">\n\t\t\t\t<div class=\"elementor-widget-container\">\n\t\t\t\t\t\t\t<div class=\"elementor-spacer\">\n\t\t\t<div class=\"elementor-spacer-inner\"><\/div>\n\t\t<\/div>\n\t\t\t\t\t\t<\/div>\n\t\t\t\t<\/div>\n\t\t\t\t\t<\/div>\n\t\t<\/div>\n\t\t\t\t<div class=\"elementor-column elementor-col-66 elementor-inner-column elementor-element elementor-element-33ba7c97\" data-id=\"33ba7c97\" data-element_type=\"column\" data-e-type=\"column\">\n\t\t\t<div class=\"elementor-widget-wrap\">\n\t\t\t\t\t\t\t<\/div>\n\t\t<\/div>\n\t\t\t\t\t<\/div>\n\t\t<\/section>\n\t\t\t\t\t<\/div>\n\t\t<\/div>\n\t\t\t\t\t<\/div>\n\t\t<\/section>\n\t\t\t\t<section class=\"elementor-section elementor-top-section elementor-element elementor-element-168558d6 elementor-section-boxed elementor-section-height-default elementor-section-height-default\" data-id=\"168558d6\" data-element_type=\"section\" data-e-type=\"section\">\n\t\t\t\t\t\t<div class=\"elementor-container elementor-column-gap-default\">\n\t\t\t\t\t<div class=\"elementor-column elementor-col-100 elementor-top-column elementor-element elementor-element-4d2a5f96\" data-id=\"4d2a5f96\" data-element_type=\"column\" data-e-type=\"column\">\n\t\t\t<div class=\"elementor-widget-wrap\">\n\t\t\t\t\t\t\t<\/div>\n\t\t<\/div>\n\t\t\t\t\t<\/div>\n\t\t<\/section>\n\t\t\t\t<section class=\"elementor-section elementor-top-section elementor-element elementor-element-73cb5934 elementor-section-boxed elementor-section-height-default elementor-section-height-default\" data-id=\"73cb5934\" data-element_type=\"section\" data-e-type=\"section\">\n\t\t\t\t\t\t<div class=\"elementor-container elementor-column-gap-default\">\n\t\t\t\t\t<div class=\"elementor-column elementor-col-100 elementor-top-column elementor-element elementor-element-7913d006\" data-id=\"7913d006\" data-element_type=\"column\" data-e-type=\"column\">\n\t\t\t<div class=\"elementor-widget-wrap elementor-element-populated\">\n\t\t\t\t\t\t<section class=\"elementor-section elementor-inner-section elementor-element elementor-element-d4a23fc elementor-section-boxed elementor-section-height-default elementor-section-height-default\" data-id=\"d4a23fc\" data-element_type=\"section\" data-e-type=\"section\">\n\t\t\t\t\t\t<div class=\"elementor-container elementor-column-gap-no\">\n\t\t\t\t\t<div class=\"elementor-column elementor-col-33 elementor-inner-column elementor-element elementor-element-627bff73\" data-id=\"627bff73\" data-element_type=\"column\" data-e-type=\"column\">\n\t\t\t<div class=\"elementor-widget-wrap\">\n\t\t\t\t\t\t\t<\/div>\n\t\t<\/div>\n\t\t\t\t<div class=\"elementor-column elementor-col-66 elementor-inner-column elementor-element elementor-element-595088e4 image-offset-top-left border-brown\" data-id=\"595088e4\" data-element_type=\"column\" data-e-type=\"column\" data-settings=\"{&quot;background_background&quot;:&quot;classic&quot;}\">\n\t\t\t<div class=\"elementor-widget-wrap elementor-element-populated\">\n\t\t\t\t\t\t<div class=\"elementor-element elementor-element-410c5832 elementor-widget elementor-widget-spacer\" data-id=\"410c5832\" data-element_type=\"widget\" data-e-type=\"widget\" data-widget_type=\"spacer.default\">\n\t\t\t\t<div class=\"elementor-widget-container\">\n\t\t\t\t\t\t\t<div class=\"elementor-spacer\">\n\t\t\t<div class=\"elementor-spacer-inner\"><\/div>\n\t\t<\/div>\n\t\t\t\t\t\t<\/div>\n\t\t\t\t<\/div>\n\t\t\t\t\t<\/div>\n\t\t<\/div>\n\t\t\t\t\t<\/div>\n\t\t<\/section>\n\t\t\t\t<section class=\"elementor-section elementor-inner-section elementor-element elementor-element-39485956 elementor-section-boxed elementor-section-height-default elementor-section-height-default\" data-id=\"39485956\" data-element_type=\"section\" data-e-type=\"section\">\n\t\t\t\t\t\t<div class=\"elementor-container elementor-column-gap-no\">\n\t\t\t\t\t<div class=\"elementor-column elementor-col-50 elementor-inner-column elementor-element elementor-element-8dfc38b\" data-id=\"8dfc38b\" data-element_type=\"column\" data-e-type=\"column\" data-settings=\"{&quot;background_background&quot;:&quot;classic&quot;}\">\n\t\t\t<div class=\"elementor-widget-wrap elementor-element-populated\">\n\t\t\t\t\t\t<div class=\"elementor-element elementor-element-60da3434 elementor-widget elementor-widget-heading\" data-id=\"60da3434\" data-element_type=\"widget\" data-e-type=\"widget\" data-widget_type=\"heading.default\">\n\t\t\t\t<div class=\"elementor-widget-container\">\n\t\t\t\t\t<h2 class=\"elementor-heading-title elementor-size-default\">Pers\u00f6nliche Aufmerksamkeit und Atmosph\u00e4re bei LeidenSpa<\/h2>\t\t\t\t<\/div>\n\t\t\t\t<\/div>\n\t\t\t\t<div class=\"elementor-element elementor-element-68bd7d5f elementor-widget elementor-widget-text-editor\" data-id=\"68bd7d5f\" data-element_type=\"widget\" data-e-type=\"widget\" data-widget_type=\"text-editor.default\">\n\t\t\t\t<div class=\"elementor-widget-container\">\n\t\t\t\t\t\t\t\t\t<p>Bei LeidenSpa sorgen wir daf\u00fcr, dass Ihre Duo-Massage ein Moment des reinen Genusses ist. Unsere erfahrenen Masseure stimmen die Behandlung ganz auf Ihre Bed\u00fcrfnisse ab, von leichter Entspannung bis hin zu einer etwas festeren Massage zur Lockerung der Muskeln. M\u00f6chten Sie diesen Moment zu etwas ganz Besonderem machen? Dann sollten Sie eine <em data-start=\"1203\" data-end=\"1219\">Massage Geschenk<\/em>ein perfektes Geschenk, das Sie gemeinsam genie\u00dfen k\u00f6nnen.<\/p>\t\t\t\t\t\t\t\t<\/div>\n\t\t\t\t<\/div>\n\t\t\t\t<div class=\"elementor-element elementor-element-cbf5c1a elementor-button-success elementor-align-left elementor-widget__width-auto elementor-widget elementor-widget-button\" data-id=\"cbf5c1a\" data-element_type=\"widget\" data-e-type=\"widget\" data-widget_type=\"button.default\">\n\t\t\t\t<div class=\"elementor-widget-container\">\n\t\t\t\t\t\t\t\t\t<div class=\"elementor-button-wrapper\">\n\t\t\t\t\t<a class=\"elementor-button elementor-button-link elementor-size-xs\" href=\"https:\/\/leidenspamassages.nl\/de\/boeknu\/\" target=\"_blank\">\n\t\t\t\t\t\t<span class=\"elementor-button-content-wrapper\">\n\t\t\t\t\t\t\t\t\t<span class=\"elementor-button-text\">Jetzt buchen<\/span>\n\t\t\t\t\t<\/span>\n\t\t\t\t\t<\/a>\n\t\t\t\t<\/div>\n\t\t\t\t\t\t\t\t<\/div>\n\t\t\t\t<\/div>\n\t\t\t\t\t<\/div>\n\t\t<\/div>\n\t\t\t\t<div class=\"elementor-column elementor-col-50 elementor-inner-column elementor-element elementor-element-3727b67c elementor-hidden-tablet elementor-hidden-mobile\" data-id=\"3727b67c\" data-element_type=\"column\" data-e-type=\"column\" data-settings=\"{&quot;background_background&quot;:&quot;classic&quot;}\">\n\t\t\t<div class=\"elementor-widget-wrap elementor-element-populated\">\n\t\t\t\t\t\t<div class=\"elementor-element elementor-element-103b1578 elementor-widget elementor-widget-spacer\" data-id=\"103b1578\" data-element_type=\"widget\" data-e-type=\"widget\" data-widget_type=\"spacer.default\">\n\t\t\t\t<div class=\"elementor-widget-container\">\n\t\t\t\t\t\t\t<div class=\"elementor-spacer\">\n\t\t\t<div class=\"elementor-spacer-inner\"><\/div>\n\t\t<\/div>\n\t\t\t\t\t\t<\/div>\n\t\t\t\t<\/div>\n\t\t\t\t\t<\/div>\n\t\t<\/div>\n\t\t\t\t<div class=\"elementor-column elementor-col-50 elementor-inner-column elementor-element elementor-element-430f4280\" data-id=\"430f4280\" data-element_type=\"column\" data-e-type=\"column\">\n\t\t\t<div class=\"elementor-widget-wrap\">\n\t\t\t\t\t\t\t<\/div>\n\t\t<\/div>\n\t\t\t\t\t<\/div>\n\t\t<\/section>\n\t\t\t\t\t<\/div>\n\t\t<\/div>\n\t\t\t\t\t<\/div>\n\t\t<\/section>\n\t\t\t\t<\/div>","protected":false},"excerpt":{"rendered":"<p>Duo massage Oegstgeest Een duo massage Oegstgeest is de perfecte manier om samen te genieten van ontspanning en rust. Bij LeidenSpa kun je in een sfeervolle behandelruimte tegelijkertijd genieten van een massage, afgestemd op jullie persoonlijke voorkeuren. Bekijk massages Ontspannen met z\u2019n twee\u00ebn in Oegstgeest Een duo massage biedt niet alleen ontspanning, maar versterkt ook [&hellip;]<\/p>\n","protected":false},"author":1,"featured_media":0,"parent":0,"menu_order":0,"comment_status":"closed","ping_status":"closed","template":"","meta":{"_acf_changed":false,"footnotes":""},"class_list":["post-7397","page","type-page","status-publish","hentry"],"acf":[],"yoast_head":"<!-- This site is optimized with the Yoast SEO plugin v27.4 - https:\/\/yoast.com\/product\/yoast-seo-wordpress\/ -->\n<title>Duo massage Oegstgeest - Leiden Spa Massages &amp; Rituals<\/title>\n<meta name=\"description\" content=\"Ontspan samen met een duo massage Oegstgeest bij LeidenSpa. Boek nu jullie moment van rust en geniet in een sfeervolle omgeving.\" \/>\n<meta name=\"robots\" content=\"index, follow, max-snippet:-1, max-image-preview:large, max-video-preview:-1\" \/>\n<link rel=\"canonical\" href=\"https:\/\/leidenspamassages.nl\/de\/duo-massage-oegstgeest\/\" \/>\n<meta property=\"og:locale\" content=\"de_DE\" \/>\n<meta property=\"og:type\" content=\"article\" \/>\n<meta property=\"og:title\" content=\"Duo massage Oegstgeest - Leiden Spa Massages &amp; Rituals\" \/>\n<meta property=\"og:description\" content=\"Ontspan samen met een duo massage Oegstgeest bij LeidenSpa. Boek nu jullie moment van rust en geniet in een sfeervolle omgeving.\" \/>\n<meta property=\"og:url\" content=\"https:\/\/leidenspamassages.nl\/de\/duo-massage-oegstgeest\/\" \/>\n<meta property=\"og:site_name\" content=\"Leiden Spa Massages &amp; Rituals\" \/>\n<meta property=\"article:modified_time\" content=\"2025-09-29T08:00:39+00:00\" \/>\n<meta name=\"twitter:card\" content=\"summary_large_image\" \/>\n<meta name=\"twitter:title\" content=\"Duo massage Oegstgeest - Leiden Spa Massages &amp; Rituals\" \/>\n<meta name=\"twitter:description\" content=\"Ontspan samen met een duo massage Oegstgeest bij LeidenSpa. Boek nu jullie moment van rust en geniet in een sfeervolle omgeving.\" \/>\n<meta name=\"twitter:label1\" content=\"Gesch\u00e4tzte Lesezeit\" \/>\n\t<meta name=\"twitter:data1\" content=\"1\u00a0Minute\" \/>\n<script type=\"application\/ld+json\" class=\"yoast-schema-graph\">{\"@context\":\"https:\\\/\\\/schema.org\",\"@graph\":[{\"@type\":\"WebPage\",\"@id\":\"https:\\\/\\\/leidenspamassages.nl\\\/de\\\/duo-massage-oegstgeest\\\/\",\"url\":\"https:\\\/\\\/leidenspamassages.nl\\\/de\\\/duo-massage-oegstgeest\\\/\",\"name\":\"Duo massage Oegstgeest - Leiden Spa Massages &amp; Rituals\",\"isPartOf\":{\"@id\":\"https:\\\/\\\/leidenspamassages.nl\\\/#website\"},\"datePublished\":\"2025-09-26T13:49:28+00:00\",\"dateModified\":\"2025-09-29T08:00:39+00:00\",\"description\":\"Ontspan samen met een duo massage Oegstgeest bij LeidenSpa. Boek nu jullie moment van rust en geniet in een sfeervolle omgeving.\",\"inLanguage\":\"de\",\"potentialAction\":[{\"@type\":\"ReadAction\",\"target\":[\"https:\\\/\\\/leidenspamassages.nl\\\/de\\\/duo-massage-oegstgeest\\\/\"]}]},{\"@type\":\"WebSite\",\"@id\":\"https:\\\/\\\/leidenspamassages.nl\\\/#website\",\"url\":\"https:\\\/\\\/leidenspamassages.nl\\\/\",\"name\":\"Leiden Spa Massages &amp; Rituals\",\"description\":\"\",\"publisher\":{\"@id\":\"https:\\\/\\\/leidenspamassages.nl\\\/#organization\"},\"potentialAction\":[{\"@type\":\"SearchAction\",\"target\":{\"@type\":\"EntryPoint\",\"urlTemplate\":\"https:\\\/\\\/leidenspamassages.nl\\\/?s={search_term_string}\"},\"query-input\":{\"@type\":\"PropertyValueSpecification\",\"valueRequired\":true,\"valueName\":\"search_term_string\"}}],\"inLanguage\":\"de\"},{\"@type\":\"Organization\",\"@id\":\"https:\\\/\\\/leidenspamassages.nl\\\/#organization\",\"name\":\"Leiden Spa Massages &amp; Rituals\",\"url\":\"https:\\\/\\\/leidenspamassages.nl\\\/\",\"logo\":{\"@type\":\"ImageObject\",\"inLanguage\":\"de\",\"@id\":\"https:\\\/\\\/leidenspamassages.nl\\\/#\\\/schema\\\/logo\\\/image\\\/\",\"url\":\"https:\\\/\\\/leidenspamassages.nl\\\/wp-content\\\/uploads\\\/sites\\\/3\\\/2022\\\/12\\\/Leiden_Spa_Massage_en_Rituals-logo.png\",\"contentUrl\":\"https:\\\/\\\/leidenspamassages.nl\\\/wp-content\\\/uploads\\\/sites\\\/3\\\/2022\\\/12\\\/Leiden_Spa_Massage_en_Rituals-logo.png\",\"width\":1000,\"height\":502,\"caption\":\"Leiden Spa Massages &amp; Rituals\"},\"image\":{\"@id\":\"https:\\\/\\\/leidenspamassages.nl\\\/#\\\/schema\\\/logo\\\/image\\\/\"}}]}<\/script>\n<!-- \/ Yoast SEO plugin. -->","yoast_head_json":{"title":"Duo-Massage Oegstgeest - Leiden Spa Massages &amp; Rituals","description":"Entspannen Sie sich gemeinsam bei einer Duo-Massage Oegstgeest im LeidenSpa. Buchen Sie jetzt Ihren Moment der Ruhe und genie\u00dfen Sie ihn in einer stimmungsvollen Umgebung.","robots":{"index":"index","follow":"follow","max-snippet":"max-snippet:-1","max-image-preview":"max-image-preview:large","max-video-preview":"max-video-preview:-1"},"canonical":"https:\/\/leidenspamassages.nl\/de\/duo-massage-oegstgeest\/","og_locale":"de_DE","og_type":"article","og_title":"Duo massage Oegstgeest - Leiden Spa Massages &amp; Rituals","og_description":"Ontspan samen met een duo massage Oegstgeest bij LeidenSpa. Boek nu jullie moment van rust en geniet in een sfeervolle omgeving.","og_url":"https:\/\/leidenspamassages.nl\/de\/duo-massage-oegstgeest\/","og_site_name":"Leiden Spa Massages &amp; Rituals","article_modified_time":"2025-09-29T08:00:39+00:00","twitter_card":"summary_large_image","twitter_title":"Duo massage Oegstgeest - Leiden Spa Massages &amp; Rituals","twitter_description":"Ontspan samen met een duo massage Oegstgeest bij LeidenSpa. Boek nu jullie moment van rust en geniet in een sfeervolle omgeving.","twitter_misc":{"Gesch\u00e4tzte Lesezeit":"1\u00a0Minute"},"schema":{"@context":"https:\/\/schema.org","@graph":[{"@type":"WebPage","@id":"https:\/\/leidenspamassages.nl\/de\/duo-massage-oegstgeest\/","url":"https:\/\/leidenspamassages.nl\/de\/duo-massage-oegstgeest\/","name":"Duo-Massage Oegstgeest - Leiden Spa Massages &amp; Rituals","isPartOf":{"@id":"https:\/\/leidenspamassages.nl\/#website"},"datePublished":"2025-09-26T13:49:28+00:00","dateModified":"2025-09-29T08:00:39+00:00","description":"Entspannen Sie sich gemeinsam bei einer Duo-Massage Oegstgeest im LeidenSpa. Buchen Sie jetzt Ihren Moment der Ruhe und genie\u00dfen Sie ihn in einer stimmungsvollen Umgebung.","inLanguage":"de","potentialAction":[{"@type":"ReadAction","target":["https:\/\/leidenspamassages.nl\/de\/duo-massage-oegstgeest\/"]}]},{"@type":"WebSite","@id":"https:\/\/leidenspamassages.nl\/#website","url":"https:\/\/leidenspamassages.nl\/","name":"Leiden Spa Massagen &amp; Rituale","description":"","publisher":{"@id":"https:\/\/leidenspamassages.nl\/#organization"},"potentialAction":[{"@type":"SearchAction","target":{"@type":"EntryPoint","urlTemplate":"https:\/\/leidenspamassages.nl\/?s={search_term_string}"},"query-input":{"@type":"PropertyValueSpecification","valueRequired":true,"valueName":"search_term_string"}}],"inLanguage":"de"},{"@type":"Organization","@id":"https:\/\/leidenspamassages.nl\/#organization","name":"Leiden Spa Massagen &amp; Rituale","url":"https:\/\/leidenspamassages.nl\/","logo":{"@type":"ImageObject","inLanguage":"de","@id":"https:\/\/leidenspamassages.nl\/#\/schema\/logo\/image\/","url":"https:\/\/leidenspamassages.nl\/wp-content\/uploads\/sites\/3\/2022\/12\/Leiden_Spa_Massage_en_Rituals-logo.png","contentUrl":"https:\/\/leidenspamassages.nl\/wp-content\/uploads\/sites\/3\/2022\/12\/Leiden_Spa_Massage_en_Rituals-logo.png","width":1000,"height":502,"caption":"Leiden Spa Massages &amp; Rituals"},"image":{"@id":"https:\/\/leidenspamassages.nl\/#\/schema\/logo\/image\/"}}]}},"_links":{"self":[{"href":"https:\/\/leidenspamassages.nl\/de\/wp-json\/wp\/v2\/pages\/7397","targetHints":{"allow":["GET"]}}],"collection":[{"href":"https:\/\/leidenspamassages.nl\/de\/wp-json\/wp\/v2\/pages"}],"about":[{"href":"https:\/\/leidenspamassages.nl\/de\/wp-json\/wp\/v2\/types\/page"}],"author":[{"embeddable":true,"href":"https:\/\/leidenspamassages.nl\/de\/wp-json\/wp\/v2\/users\/1"}],"replies":[{"embeddable":true,"href":"https:\/\/leidenspamassages.nl\/de\/wp-json\/wp\/v2\/comments?post=7397"}],"version-history":[{"count":16,"href":"https:\/\/leidenspamassages.nl\/de\/wp-json\/wp\/v2\/pages\/7397\/revisions"}],"predecessor-version":[{"id":7458,"href":"https:\/\/leidenspamassages.nl\/de\/wp-json\/wp\/v2\/pages\/7397\/revisions\/7458"}],"wp:attachment":[{"href":"https:\/\/leidenspamassages.nl\/de\/wp-json\/wp\/v2\/media?parent=7397"}],"curies":[{"name":"wp","href":"https:\/\/api.w.org\/{rel}","templated":true}]}}