{"id":9027,"date":"2026-03-02T11:25:26","date_gmt":"2026-03-02T10:25:26","guid":{"rendered":"https:\/\/leidenspamassages.nl\/?page_id=9027"},"modified":"2026-03-02T11:45:05","modified_gmt":"2026-03-02T10:45:05","slug":"intensieve-massages","status":"publish","type":"page","link":"https:\/\/leidenspamassages.nl\/de\/intensieve-massages\/","title":{"rendered":"Intensieve massages"},"content":{"rendered":"<div data-elementor-type=\"wp-page\" data-elementor-id=\"9027\" class=\"elementor elementor-9027\" data-elementor-post-type=\"page\">\n\t\t\t\t\t\t<section class=\"elementor-section elementor-top-section elementor-element elementor-element-ccd0cb0 elementor-section-boxed elementor-section-height-default elementor-section-height-default\" data-id=\"ccd0cb0\" data-element_type=\"section\" data-e-type=\"section\">\n\t\t\t\t\t\t<div class=\"elementor-container elementor-column-gap-default\">\n\t\t\t\t\t<div class=\"elementor-column elementor-col-100 elementor-top-column elementor-element elementor-element-380208e\" data-id=\"380208e\" data-element_type=\"column\" data-e-type=\"column\">\n\t\t\t<div class=\"elementor-widget-wrap elementor-element-populated\">\n\t\t\t\t\t\t<div class=\"elementor-element elementor-element-8657f94 elementor-widget elementor-widget-spacer\" data-id=\"8657f94\" data-element_type=\"widget\" data-e-type=\"widget\" data-widget_type=\"spacer.default\">\n\t\t\t\t<div class=\"elementor-widget-container\">\n\t\t\t\t\t\t\t<div class=\"elementor-spacer\">\n\t\t\t<div class=\"elementor-spacer-inner\"><\/div>\n\t\t<\/div>\n\t\t\t\t\t\t<\/div>\n\t\t\t\t<\/div>\n\t\t\t\t\t<\/div>\n\t\t<\/div>\n\t\t\t\t\t<\/div>\n\t\t<\/section>\n\t\t\t\t<section class=\"elementor-section elementor-top-section elementor-element elementor-element-d18b98f elementor-section-boxed elementor-section-height-default elementor-section-height-default\" data-id=\"d18b98f\" data-element_type=\"section\" data-e-type=\"section\">\n\t\t\t\t\t\t<div class=\"elementor-container elementor-column-gap-default\">\n\t\t\t\t\t<div class=\"elementor-column elementor-col-100 elementor-top-column elementor-element elementor-element-730c9ad\" data-id=\"730c9ad\" data-element_type=\"column\" data-e-type=\"column\">\n\t\t\t<div class=\"elementor-widget-wrap elementor-element-populated\">\n\t\t\t\t\t\t<div class=\"elementor-element elementor-element-5d45cc2 elementor-widget elementor-widget-heading\" data-id=\"5d45cc2\" data-element_type=\"widget\" data-e-type=\"widget\" data-widget_type=\"heading.default\">\n\t\t\t\t<div class=\"elementor-widget-container\">\n\t\t\t\t\t<h1 class=\"elementor-heading-title elementor-size-default\">Intensieve massages<\/h1>\t\t\t\t<\/div>\n\t\t\t\t<\/div>\n\t\t\t\t<section class=\"elementor-section elementor-inner-section elementor-element elementor-element-7aa8047 elementor-section-boxed elementor-section-height-default elementor-section-height-default\" data-id=\"7aa8047\" data-element_type=\"section\" data-e-type=\"section\">\n\t\t\t\t\t\t<div class=\"elementor-container elementor-column-gap-default\">\n\t\t\t\t\t<div class=\"elementor-column elementor-col-33 elementor-inner-column elementor-element elementor-element-f04f37a\" data-id=\"f04f37a\" data-element_type=\"column\" data-e-type=\"column\">\n\t\t\t<div class=\"elementor-widget-wrap elementor-element-populated\">\n\t\t\t\t\t\t<div class=\"elementor-element elementor-element-813fadf elementor-flip-box--direction-left elementor-flip-box--effect-flip elementor-widget elementor-widget-flip-box\" data-id=\"813fadf\" data-element_type=\"widget\" data-e-type=\"widget\" data-widget_type=\"flip-box.default\">\n\t\t\t\t<div class=\"elementor-widget-container\">\n\t\t\t\t\t\t\t<div class=\"elementor-flip-box\" tabindex=\"0\">\n\t\t\t<div class=\"elementor-flip-box__layer elementor-flip-box__front\">\n\t\t\t\t<div class=\"elementor-flip-box__layer__overlay\">\n\t\t\t\t\t<div class=\"elementor-flip-box__layer__inner\">\n\t\t\t\t\t\t\n\t\t\t\t\t\t\t\t\t\t\t\t\t<h3 class=\"elementor-flip-box__layer__title\">\n\t\t\t\t\t\t\t\tNek, schouder &amp; rug massage\t\t\t\t\t\t\t<\/h3>\n\t\t\t\t\t\t\n\t\t\t\t\t\t\t\t\t\t\t<\/div>\n\t\t\t\t<\/div>\n\t\t\t<\/div>\n\t\t\t<a class=\"elementor-flip-box__layer elementor-flip-box__back\" href=\"https:\/\/leidenspamassages.nl\/de\/thai-shiatsu-massage\/\">\n\t\t\t<div class=\"elementor-flip-box__layer__overlay\">\n\t\t\t\t<div class=\"elementor-flip-box__layer__inner\">\n\t\t\t\t\t\n\t\t\t\t\t\t\t\t\t\t\t<div class=\"elementor-flip-box__layer__description\">\n\t\t\t\t\t\t\tLeiden Sie unter schmerzenden und steifen Muskeln? Buchen Sie unsere 'Nacken-, Schulter- und R\u00fcckenmassage', um bestimmte Nacken- und Schulterschmerzen schnell zu lindern. \t\t\t\t\t\t<\/div>\n\t\t\t\t\t\n\t\t\t\t\t\t\t\t\t\t\t<span class=\"elementor-flip-box__button elementor-button elementor-size-xs\">\n\t\t\t\t\t\t\tMehr lesen\t\t\t\t\t\t<\/span>\n\t\t\t\t\t\t\t\t<\/div>\n\t\t<\/div>\n\t\t<\/a>\n\t\t<\/div>\n\t\t\t\t\t\t<\/div>\n\t\t\t\t<\/div>\n\t\t\t\t\t<\/div>\n\t\t<\/div>\n\t\t\t\t<div class=\"elementor-column elementor-col-33 elementor-inner-column elementor-element elementor-element-c2c5eda\" data-id=\"c2c5eda\" data-element_type=\"column\" data-e-type=\"column\">\n\t\t\t<div class=\"elementor-widget-wrap elementor-element-populated\">\n\t\t\t\t\t\t<div class=\"elementor-element elementor-element-8a44087 elementor-flip-box--direction-left elementor-flip-box--effect-flip elementor-widget elementor-widget-flip-box\" data-id=\"8a44087\" data-element_type=\"widget\" data-e-type=\"widget\" data-widget_type=\"flip-box.default\">\n\t\t\t\t<div class=\"elementor-widget-container\">\n\t\t\t\t\t\t\t<div class=\"elementor-flip-box\" tabindex=\"0\">\n\t\t\t<div class=\"elementor-flip-box__layer elementor-flip-box__front\">\n\t\t\t\t<div class=\"elementor-flip-box__layer__overlay\">\n\t\t\t\t\t<div class=\"elementor-flip-box__layer__inner\">\n\t\t\t\t\t\t\n\t\t\t\t\t\t\t\t\t\t\t\t\t<h3 class=\"elementor-flip-box__layer__title\">\n\t\t\t\t\t\t\t\tSportmassage\t\t\t\t\t\t\t<\/h3>\n\t\t\t\t\t\t\n\t\t\t\t\t\t\t\t\t\t\t<\/div>\n\t\t\t\t<\/div>\n\t\t\t<\/div>\n\t\t\t<div class=\"elementor-flip-box__layer elementor-flip-box__back\">\n\t\t\t<div class=\"elementor-flip-box__layer__overlay\">\n\t\t\t\t<div class=\"elementor-flip-box__layer__inner\">\n\t\t\t\t\t\n\t\t\t\t\t\t\t\t\t\t\t<div class=\"elementor-flip-box__layer__description\">\n\t\t\t\t\t\t\tAthleten haben mit steifen und verk\u00fcrzten Muskeln zu k\u00e4mpfen. Eine Sportmassage ist kein Luxus f\u00fcr Sportler. Unsere Sportmassagen sind intensiv und anregend f\u00fcr den Kreislauf. \u00c4hnlich wie Sportmassagen sind auch unsere Thai Shiatsu-Massagen\/Nacken-Schulter-Massagen. \t\t\t\t\t\t<\/div>\n\t\t\t\t\t\n\t\t\t\t\t\t\t\t\t\t\t<a class=\"elementor-flip-box__button elementor-button elementor-size-xs\" href=\"https:\/\/leidenspamassages.nl\/de\/sportmassage\/\">\n\t\t\t\t\t\t\tMehr lesen\t\t\t\t\t\t<\/a>\n\t\t\t\t\t\t\t\t<\/div>\n\t\t<\/div>\n\t\t<\/div>\n\t\t<\/div>\n\t\t\t\t\t\t<\/div>\n\t\t\t\t<\/div>\n\t\t\t\t\t<\/div>\n\t\t<\/div>\n\t\t\t\t<div class=\"elementor-column elementor-col-33 elementor-inner-column elementor-element elementor-element-77071c5\" data-id=\"77071c5\" data-element_type=\"column\" data-e-type=\"column\">\n\t\t\t<div class=\"elementor-widget-wrap elementor-element-populated\">\n\t\t\t\t\t\t<div class=\"elementor-element elementor-element-c506de2 elementor-flip-box--direction-left elementor-flip-box--effect-flip elementor-widget elementor-widget-flip-box\" data-id=\"c506de2\" data-element_type=\"widget\" data-e-type=\"widget\" data-widget_type=\"flip-box.default\">\n\t\t\t\t<div class=\"elementor-widget-container\">\n\t\t\t\t\t\t\t<div class=\"elementor-flip-box\" tabindex=\"0\">\n\t\t\t<div class=\"elementor-flip-box__layer elementor-flip-box__front\">\n\t\t\t\t<div class=\"elementor-flip-box__layer__overlay\">\n\t\t\t\t\t<div class=\"elementor-flip-box__layer__inner\">\n\t\t\t\t\t\t\n\t\t\t\t\t\t\t\t\t\t\t\t\t<h3 class=\"elementor-flip-box__layer__title\">\n\t\t\t\t\t\t\t\tSchr\u00f6pfmassage\t\t\t\t\t\t\t<\/h3>\n\t\t\t\t\t\t\n\t\t\t\t\t\t\t\t\t\t\t<\/div>\n\t\t\t\t<\/div>\n\t\t\t<\/div>\n\t\t\t<div class=\"elementor-flip-box__layer elementor-flip-box__back\">\n\t\t\t<div class=\"elementor-flip-box__layer__overlay\">\n\t\t\t\t<div class=\"elementor-flip-box__layer__inner\">\n\t\t\t\t\t\n\t\t\t\t\t\t\t\t\t\t\t<div class=\"elementor-flip-box__layer__description\">\n\t\t\t\t\t\t\tLernen Sie die vielseitige Massagetechnik des Schr\u00f6pfens kennen! Warme Schr\u00f6pfk\u00f6pfe lockern Verklebungen und regen die Kollagenproduktion an. \t\t\t\t\t\t<\/div>\n\t\t\t\t\t\n\t\t\t\t\t\t\t\t\t\t\t<a class=\"elementor-flip-box__button elementor-button elementor-size-xs\" href=\"https:\/\/leidenspamassages.nl\/de\/schropfmassage\/\">\n\t\t\t\t\t\t\tMehr lesen\t\t\t\t\t\t<\/a>\n\t\t\t\t\t\t\t\t<\/div>\n\t\t<\/div>\n\t\t<\/div>\n\t\t<\/div>\n\t\t\t\t\t\t<\/div>\n\t\t\t\t<\/div>\n\t\t\t\t\t<\/div>\n\t\t<\/div>\n\t\t\t\t\t<\/div>\n\t\t<\/section>\n\t\t\t\t<section class=\"elementor-section elementor-inner-section elementor-element elementor-element-9a2a169 elementor-section-boxed elementor-section-height-default elementor-section-height-default\" data-id=\"9a2a169\" data-element_type=\"section\" data-e-type=\"section\">\n\t\t\t\t\t\t<div class=\"elementor-container elementor-column-gap-default\">\n\t\t\t\t\t<div class=\"elementor-column elementor-col-33 elementor-inner-column elementor-element elementor-element-012c79a\" data-id=\"012c79a\" data-element_type=\"column\" data-e-type=\"column\">\n\t\t\t<div class=\"elementor-widget-wrap elementor-element-populated\">\n\t\t\t\t\t\t<div class=\"elementor-element elementor-element-810b97c elementor-flip-box--direction-left elementor-flip-box--effect-flip elementor-widget elementor-widget-flip-box\" data-id=\"810b97c\" data-element_type=\"widget\" data-e-type=\"widget\" data-widget_type=\"flip-box.default\">\n\t\t\t\t<div class=\"elementor-widget-container\">\n\t\t\t\t\t\t\t<div class=\"elementor-flip-box\" tabindex=\"0\">\n\t\t\t<div class=\"elementor-flip-box__layer elementor-flip-box__front\">\n\t\t\t\t<div class=\"elementor-flip-box__layer__overlay\">\n\t\t\t\t\t<div class=\"elementor-flip-box__layer__inner\">\n\t\t\t\t\t\t\n\t\t\t\t\t\t\t\t\t\t\t\t\t<h3 class=\"elementor-flip-box__layer__title\">\n\t\t\t\t\t\t\t\tBindegewebsmassage\t\t\t\t\t\t\t<\/h3>\n\t\t\t\t\t\t\n\t\t\t\t\t\t\t\t\t\t\t<\/div>\n\t\t\t\t<\/div>\n\t\t\t<\/div>\n\t\t\t<div class=\"elementor-flip-box__layer elementor-flip-box__back\">\n\t\t\t<div class=\"elementor-flip-box__layer__overlay\">\n\t\t\t\t<div class=\"elementor-flip-box__layer__inner\">\n\t\t\t\t\t\n\t\t\t\t\t\t\t\t\t\t\t<div class=\"elementor-flip-box__layer__description\">\n\t\t\t\t\t\t\tEine kr\u00e4ftige Massage mit vielen positiven Auswirkungen auf die Hautstruktur.\t\t\t\t\t\t<\/div>\n\t\t\t\t\t\n\t\t\t\t\t\t\t\t\t\t\t<a class=\"elementor-flip-box__button elementor-button elementor-size-xs\" href=\"https:\/\/leidenspamassages.nl\/de\/bindegewebsmassage\/\">\n\t\t\t\t\t\t\tMehr lesen\t\t\t\t\t\t<\/a>\n\t\t\t\t\t\t\t\t<\/div>\n\t\t<\/div>\n\t\t<\/div>\n\t\t<\/div>\n\t\t\t\t\t\t<\/div>\n\t\t\t\t<\/div>\n\t\t\t\t\t<\/div>\n\t\t<\/div>\n\t\t\t\t<div class=\"elementor-column elementor-col-33 elementor-inner-column elementor-element elementor-element-4de6e26\" data-id=\"4de6e26\" data-element_type=\"column\" data-e-type=\"column\">\n\t\t\t<div class=\"elementor-widget-wrap\">\n\t\t\t\t\t\t\t<\/div>\n\t\t<\/div>\n\t\t\t\t<div class=\"elementor-column elementor-col-33 elementor-inner-column elementor-element elementor-element-19f88b1\" data-id=\"19f88b1\" data-element_type=\"column\" data-e-type=\"column\">\n\t\t\t<div class=\"elementor-widget-wrap\">\n\t\t\t\t\t\t\t<\/div>\n\t\t<\/div>\n\t\t\t\t\t<\/div>\n\t\t<\/section>\n\t\t\t\t\t<\/div>\n\t\t<\/div>\n\t\t\t\t\t<\/div>\n\t\t<\/section>\n\t\t\t\t<\/div>","protected":false},"excerpt":{"rendered":"<p>Intensieve massages Nek, schouder &amp; rug massage Heeft u last van pijnlijke en stijve spieren? Boek onze &#8216;Nek, schouder &amp; rug massage&#8217; om bepaalde nek- en schouderklachten snel te verlichten. Lees verder Sport massage Sporters krijgen te maken met stijve en verkorte spieren. Een sport massage is voor sporters geen overbodige luxe. Onze sport massages [&hellip;]<\/p>\n","protected":false},"author":1,"featured_media":0,"parent":0,"menu_order":0,"comment_status":"closed","ping_status":"closed","template":"","meta":{"_acf_changed":false,"footnotes":""},"class_list":["post-9027","page","type-page","status-publish","hentry"],"acf":[],"yoast_head":"<!-- This site is optimized with the Yoast SEO plugin v27.4 - https:\/\/yoast.com\/product\/yoast-seo-wordpress\/ -->\n<title>Intensieve massages - Leiden Spa Massages &amp; Rituals<\/title>\n<meta name=\"robots\" content=\"index, follow, max-snippet:-1, max-image-preview:large, max-video-preview:-1\" \/>\n<link rel=\"canonical\" href=\"https:\/\/leidenspamassages.nl\/de\/intensieve-massages\/\" \/>\n<meta property=\"og:locale\" content=\"de_DE\" \/>\n<meta property=\"og:type\" content=\"article\" \/>\n<meta property=\"og:title\" content=\"Intensieve massages - Leiden Spa Massages &amp; Rituals\" \/>\n<meta property=\"og:description\" content=\"Intensieve massages Nek, schouder &amp; rug massage Heeft u last van pijnlijke en stijve spieren? Boek onze &#8216;Nek, schouder &amp; rug massage&#8217; om bepaalde nek- en schouderklachten snel te verlichten. Lees verder Sport massage Sporters krijgen te maken met stijve en verkorte spieren. Een sport massage is voor sporters geen overbodige luxe. Onze sport massages [&hellip;]\" \/>\n<meta property=\"og:url\" content=\"https:\/\/leidenspamassages.nl\/de\/intensieve-massages\/\" \/>\n<meta property=\"og:site_name\" content=\"Leiden Spa Massages &amp; Rituals\" \/>\n<meta property=\"article:modified_time\" content=\"2026-03-02T10:45:05+00:00\" \/>\n<meta name=\"twitter:card\" content=\"summary_large_image\" \/>\n<meta name=\"twitter:label1\" content=\"Gesch\u00e4tzte Lesezeit\" \/>\n\t<meta name=\"twitter:data1\" content=\"1\u00a0Minute\" \/>\n<script type=\"application\/ld+json\" class=\"yoast-schema-graph\">{\"@context\":\"https:\\\/\\\/schema.org\",\"@graph\":[{\"@type\":\"WebPage\",\"@id\":\"https:\\\/\\\/leidenspamassages.nl\\\/intensieve-massages\\\/\",\"url\":\"https:\\\/\\\/leidenspamassages.nl\\\/intensieve-massages\\\/\",\"name\":\"Intensieve massages - Leiden Spa Massages &amp; Rituals\",\"isPartOf\":{\"@id\":\"https:\\\/\\\/leidenspamassages.nl\\\/#website\"},\"datePublished\":\"2026-03-02T10:25:26+00:00\",\"dateModified\":\"2026-03-02T10:45:05+00:00\",\"inLanguage\":\"de\",\"potentialAction\":[{\"@type\":\"ReadAction\",\"target\":[\"https:\\\/\\\/leidenspamassages.nl\\\/intensieve-massages\\\/\"]}]},{\"@type\":\"WebSite\",\"@id\":\"https:\\\/\\\/leidenspamassages.nl\\\/#website\",\"url\":\"https:\\\/\\\/leidenspamassages.nl\\\/\",\"name\":\"Leiden Spa Massages &amp; Rituals\",\"description\":\"\",\"publisher\":{\"@id\":\"https:\\\/\\\/leidenspamassages.nl\\\/#organization\"},\"potentialAction\":[{\"@type\":\"SearchAction\",\"target\":{\"@type\":\"EntryPoint\",\"urlTemplate\":\"https:\\\/\\\/leidenspamassages.nl\\\/?s={search_term_string}\"},\"query-input\":{\"@type\":\"PropertyValueSpecification\",\"valueRequired\":true,\"valueName\":\"search_term_string\"}}],\"inLanguage\":\"de\"},{\"@type\":\"Organization\",\"@id\":\"https:\\\/\\\/leidenspamassages.nl\\\/#organization\",\"name\":\"Leiden Spa Massages &amp; Rituals\",\"url\":\"https:\\\/\\\/leidenspamassages.nl\\\/\",\"logo\":{\"@type\":\"ImageObject\",\"inLanguage\":\"de\",\"@id\":\"https:\\\/\\\/leidenspamassages.nl\\\/#\\\/schema\\\/logo\\\/image\\\/\",\"url\":\"https:\\\/\\\/leidenspamassages.nl\\\/wp-content\\\/uploads\\\/sites\\\/3\\\/2022\\\/12\\\/Leiden_Spa_Massage_en_Rituals-logo.png\",\"contentUrl\":\"https:\\\/\\\/leidenspamassages.nl\\\/wp-content\\\/uploads\\\/sites\\\/3\\\/2022\\\/12\\\/Leiden_Spa_Massage_en_Rituals-logo.png\",\"width\":1000,\"height\":502,\"caption\":\"Leiden Spa Massages &amp; Rituals\"},\"image\":{\"@id\":\"https:\\\/\\\/leidenspamassages.nl\\\/#\\\/schema\\\/logo\\\/image\\\/\"}}]}<\/script>\n<!-- \/ Yoast SEO plugin. -->","yoast_head_json":{"title":"Intensieve massages - Leiden Spa Massages &amp; Rituals","robots":{"index":"index","follow":"follow","max-snippet":"max-snippet:-1","max-image-preview":"max-image-preview:large","max-video-preview":"max-video-preview:-1"},"canonical":"https:\/\/leidenspamassages.nl\/de\/intensieve-massages\/","og_locale":"de_DE","og_type":"article","og_title":"Intensieve massages - Leiden Spa Massages &amp; Rituals","og_description":"Intensieve massages Nek, schouder &amp; rug massage Heeft u last van pijnlijke en stijve spieren? Boek onze &#8216;Nek, schouder &amp; rug massage&#8217; om bepaalde nek- en schouderklachten snel te verlichten. Lees verder Sport massage Sporters krijgen te maken met stijve en verkorte spieren. Een sport massage is voor sporters geen overbodige luxe. Onze sport massages [&hellip;]","og_url":"https:\/\/leidenspamassages.nl\/de\/intensieve-massages\/","og_site_name":"Leiden Spa Massages &amp; Rituals","article_modified_time":"2026-03-02T10:45:05+00:00","twitter_card":"summary_large_image","twitter_misc":{"Gesch\u00e4tzte Lesezeit":"1\u00a0Minute"},"schema":{"@context":"https:\/\/schema.org","@graph":[{"@type":"WebPage","@id":"https:\/\/leidenspamassages.nl\/intensieve-massages\/","url":"https:\/\/leidenspamassages.nl\/intensieve-massages\/","name":"Intensieve massages - Leiden Spa Massages &amp; Rituals","isPartOf":{"@id":"https:\/\/leidenspamassages.nl\/#website"},"datePublished":"2026-03-02T10:25:26+00:00","dateModified":"2026-03-02T10:45:05+00:00","inLanguage":"de","potentialAction":[{"@type":"ReadAction","target":["https:\/\/leidenspamassages.nl\/intensieve-massages\/"]}]},{"@type":"WebSite","@id":"https:\/\/leidenspamassages.nl\/#website","url":"https:\/\/leidenspamassages.nl\/","name":"Leiden Spa Massagen &amp; Rituale","description":"","publisher":{"@id":"https:\/\/leidenspamassages.nl\/#organization"},"potentialAction":[{"@type":"SearchAction","target":{"@type":"EntryPoint","urlTemplate":"https:\/\/leidenspamassages.nl\/?s={search_term_string}"},"query-input":{"@type":"PropertyValueSpecification","valueRequired":true,"valueName":"search_term_string"}}],"inLanguage":"de"},{"@type":"Organization","@id":"https:\/\/leidenspamassages.nl\/#organization","name":"Leiden Spa Massagen &amp; Rituale","url":"https:\/\/leidenspamassages.nl\/","logo":{"@type":"ImageObject","inLanguage":"de","@id":"https:\/\/leidenspamassages.nl\/#\/schema\/logo\/image\/","url":"https:\/\/leidenspamassages.nl\/wp-content\/uploads\/sites\/3\/2022\/12\/Leiden_Spa_Massage_en_Rituals-logo.png","contentUrl":"https:\/\/leidenspamassages.nl\/wp-content\/uploads\/sites\/3\/2022\/12\/Leiden_Spa_Massage_en_Rituals-logo.png","width":1000,"height":502,"caption":"Leiden Spa Massages &amp; Rituals"},"image":{"@id":"https:\/\/leidenspamassages.nl\/#\/schema\/logo\/image\/"}}]}},"_links":{"self":[{"href":"https:\/\/leidenspamassages.nl\/de\/wp-json\/wp\/v2\/pages\/9027","targetHints":{"allow":["GET"]}}],"collection":[{"href":"https:\/\/leidenspamassages.nl\/de\/wp-json\/wp\/v2\/pages"}],"about":[{"href":"https:\/\/leidenspamassages.nl\/de\/wp-json\/wp\/v2\/types\/page"}],"author":[{"embeddable":true,"href":"https:\/\/leidenspamassages.nl\/de\/wp-json\/wp\/v2\/users\/1"}],"replies":[{"embeddable":true,"href":"https:\/\/leidenspamassages.nl\/de\/wp-json\/wp\/v2\/comments?post=9027"}],"version-history":[{"count":12,"href":"https:\/\/leidenspamassages.nl\/de\/wp-json\/wp\/v2\/pages\/9027\/revisions"}],"predecessor-version":[{"id":9057,"href":"https:\/\/leidenspamassages.nl\/de\/wp-json\/wp\/v2\/pages\/9027\/revisions\/9057"}],"wp:attachment":[{"href":"https:\/\/leidenspamassages.nl\/de\/wp-json\/wp\/v2\/media?parent=9027"}],"curies":[{"name":"wp","href":"https:\/\/api.w.org\/{rel}","templated":true}]}}