{"id":1002,"date":"2023-05-10T13:23:44","date_gmt":"2023-05-10T13:23:44","guid":{"rendered":"https:\/\/leidenspamassages.nl\/?post_type=product&#038;p=1002"},"modified":"2026-02-24T16:22:49","modified_gmt":"2026-02-24T15:22:49","slug":"digitale-cadeaubon","status":"publish","type":"product","link":"https:\/\/leidenspamassages.nl\/en\/product\/digital-gift-voucher\/","title":{"rendered":"Digital gift voucher"},"content":{"rendered":"","protected":false},"excerpt":{"rendered":"<p>Pamper or surprise someone?<br \/>\nSpa Massages &amp; Rituals's digital gift voucher is the ideal gift.<br \/>\nThe gift voucher is redeemable at both location Leiden and location Oegstgeest.<\/p>\n<p><i>The validity of the gift voucher expires one year after the purchase date.<\/i><\/p>\n<p>Choose the digital gift card to make it right now.<\/p>","protected":false},"featured_media":1003,"template":"","meta":{"_acf_changed":false},"product_brand":[],"product_cat":[17],"product_tag":[],"giftcard-category":[],"class_list":{"0":"post-1002","1":"product","2":"type-product","3":"status-publish","4":"has-post-thumbnail","6":"product_cat-geen-categorie","8":"first","9":"instock","10":"virtual","11":"purchasable","12":"product-type-gift-card"},"acf":[],"yoast_head":"<!-- This site is optimized with the Yoast SEO plugin v27.3 - https:\/\/yoast.com\/product\/yoast-seo-wordpress\/ -->\n<title>Digitale cadeaubon - Leiden Spa Massages &amp; Rituals<\/title>\n<meta name=\"robots\" content=\"index, follow, max-snippet:-1, max-image-preview:large, max-video-preview:-1\" \/>\n<link rel=\"canonical\" href=\"https:\/\/leidenspamassages.nl\/en\/product\/digital-gift-voucher\/\" \/>\n<meta property=\"og:locale\" content=\"en_GB\" \/>\n<meta property=\"og:type\" content=\"article\" \/>\n<meta property=\"og:title\" content=\"Digitale cadeaubon - Leiden Spa Massages &amp; Rituals\" \/>\n<meta property=\"og:description\" content=\"Iemand verwennen of verrassen? De digitale cadeaubon van Spa Massages &amp; Rituals is het ideale cadeau. De cadeaubon is inwisselbaar bij locatie Leiden \u00e9n locatie Oegstgeest.  De geldigheid van de cadeaubon verloopt \u00e9\u00e9n jaar na de aankoopdatum.  Kies voor de digitale cadeaubon om het gelijk nu in orde te maken.\" \/>\n<meta property=\"og:url\" content=\"https:\/\/leidenspamassages.nl\/en\/product\/digital-gift-voucher\/\" \/>\n<meta property=\"og:site_name\" content=\"Leiden Spa Massages &amp; Rituals\" \/>\n<meta property=\"article:modified_time\" content=\"2026-02-24T15:22:49+00:00\" \/>\n<meta property=\"og:image\" content=\"https:\/\/leidenspamassages.nl\/wp-content\/uploads\/sites\/3\/2023\/05\/Spa-Massages-en-Rituals-digitale-cadeaubon.jpg\" \/>\n\t<meta property=\"og:image:width\" content=\"1000\" \/>\n\t<meta property=\"og:image:height\" content=\"1000\" \/>\n\t<meta property=\"og:image:type\" content=\"image\/jpeg\" \/>\n<meta name=\"twitter:card\" content=\"summary_large_image\" \/>\n<meta name=\"twitter:label1\" content=\"Estimated reading time\" \/>\n\t<meta name=\"twitter:data1\" content=\"1 minute\" \/>\n<script type=\"application\/ld+json\" class=\"yoast-schema-graph\">{\"@context\":\"https:\\\/\\\/schema.org\",\"@graph\":[{\"@type\":\"WebPage\",\"@id\":\"https:\\\/\\\/leidenspamassages.nl\\\/en\\\/product\\\/digital-gift-voucher\\\/\",\"url\":\"https:\\\/\\\/leidenspamassages.nl\\\/en\\\/product\\\/digital-gift-voucher\\\/\",\"name\":\"Digitale cadeaubon - Leiden Spa Massages &amp; Rituals\",\"isPartOf\":{\"@id\":\"https:\\\/\\\/leidenspamassages.nl\\\/#website\"},\"primaryImageOfPage\":{\"@id\":\"https:\\\/\\\/leidenspamassages.nl\\\/en\\\/product\\\/digital-gift-voucher\\\/#primaryimage\"},\"image\":{\"@id\":\"https:\\\/\\\/leidenspamassages.nl\\\/en\\\/product\\\/digital-gift-voucher\\\/#primaryimage\"},\"thumbnailUrl\":\"https:\\\/\\\/leidenspamassages.nl\\\/wp-content\\\/uploads\\\/sites\\\/3\\\/2023\\\/05\\\/Spa-Massages-en-Rituals-digitale-cadeaubon.jpg\",\"datePublished\":\"2023-05-10T13:23:44+00:00\",\"dateModified\":\"2026-02-24T15:22:49+00:00\",\"breadcrumb\":{\"@id\":\"https:\\\/\\\/leidenspamassages.nl\\\/en\\\/product\\\/digital-gift-voucher\\\/#breadcrumb\"},\"inLanguage\":\"en-GB\",\"potentialAction\":[{\"@type\":\"ReadAction\",\"target\":[\"https:\\\/\\\/leidenspamassages.nl\\\/en\\\/product\\\/digital-gift-voucher\\\/\"]}]},{\"@type\":\"ImageObject\",\"inLanguage\":\"en-GB\",\"@id\":\"https:\\\/\\\/leidenspamassages.nl\\\/en\\\/product\\\/digital-gift-voucher\\\/#primaryimage\",\"url\":\"https:\\\/\\\/leidenspamassages.nl\\\/wp-content\\\/uploads\\\/sites\\\/3\\\/2023\\\/05\\\/Spa-Massages-en-Rituals-digitale-cadeaubon.jpg\",\"contentUrl\":\"https:\\\/\\\/leidenspamassages.nl\\\/wp-content\\\/uploads\\\/sites\\\/3\\\/2023\\\/05\\\/Spa-Massages-en-Rituals-digitale-cadeaubon.jpg\",\"width\":1000,\"height\":1000},{\"@type\":\"BreadcrumbList\",\"@id\":\"https:\\\/\\\/leidenspamassages.nl\\\/en\\\/product\\\/digital-gift-voucher\\\/#breadcrumb\",\"itemListElement\":[{\"@type\":\"ListItem\",\"position\":1,\"name\":\"Winkel\",\"item\":\"https:\\\/\\\/leidenspamassages.nl\\\/fr\\\/winkel\\\/\"},{\"@type\":\"ListItem\",\"position\":2,\"name\":\"Digitale cadeaubon\"}]},{\"@type\":\"WebSite\",\"@id\":\"https:\\\/\\\/leidenspamassages.nl\\\/#website\",\"url\":\"https:\\\/\\\/leidenspamassages.nl\\\/\",\"name\":\"Leiden Spa Massages &amp; Rituals\",\"description\":\"\",\"publisher\":{\"@id\":\"https:\\\/\\\/leidenspamassages.nl\\\/#organization\"},\"potentialAction\":[{\"@type\":\"SearchAction\",\"target\":{\"@type\":\"EntryPoint\",\"urlTemplate\":\"https:\\\/\\\/leidenspamassages.nl\\\/?s={search_term_string}\"},\"query-input\":{\"@type\":\"PropertyValueSpecification\",\"valueRequired\":true,\"valueName\":\"search_term_string\"}}],\"inLanguage\":\"en-GB\"},{\"@type\":\"Organization\",\"@id\":\"https:\\\/\\\/leidenspamassages.nl\\\/#organization\",\"name\":\"Leiden Spa Massages &amp; Rituals\",\"url\":\"https:\\\/\\\/leidenspamassages.nl\\\/\",\"logo\":{\"@type\":\"ImageObject\",\"inLanguage\":\"en-GB\",\"@id\":\"https:\\\/\\\/leidenspamassages.nl\\\/#\\\/schema\\\/logo\\\/image\\\/\",\"url\":\"https:\\\/\\\/leidenspamassages.nl\\\/wp-content\\\/uploads\\\/sites\\\/3\\\/2022\\\/12\\\/Leiden_Spa_Massage_en_Rituals-logo.png\",\"contentUrl\":\"https:\\\/\\\/leidenspamassages.nl\\\/wp-content\\\/uploads\\\/sites\\\/3\\\/2022\\\/12\\\/Leiden_Spa_Massage_en_Rituals-logo.png\",\"width\":1000,\"height\":502,\"caption\":\"Leiden Spa Massages &amp; Rituals\"},\"image\":{\"@id\":\"https:\\\/\\\/leidenspamassages.nl\\\/#\\\/schema\\\/logo\\\/image\\\/\"}}]}<\/script>\n<!-- \/ Yoast SEO plugin. -->","yoast_head_json":{"title":"Digital gift voucher - Leiden Spa Massages &amp; Rituals","robots":{"index":"index","follow":"follow","max-snippet":"max-snippet:-1","max-image-preview":"max-image-preview:large","max-video-preview":"max-video-preview:-1"},"canonical":"https:\/\/leidenspamassages.nl\/en\/product\/digital-gift-voucher\/","og_locale":"en_GB","og_type":"article","og_title":"Digitale cadeaubon - Leiden Spa Massages &amp; Rituals","og_description":"Iemand verwennen of verrassen? De digitale cadeaubon van Spa Massages &amp; Rituals is het ideale cadeau. De cadeaubon is inwisselbaar bij locatie Leiden \u00e9n locatie Oegstgeest.  De geldigheid van de cadeaubon verloopt \u00e9\u00e9n jaar na de aankoopdatum.  Kies voor de digitale cadeaubon om het gelijk nu in orde te maken.","og_url":"https:\/\/leidenspamassages.nl\/en\/product\/digital-gift-voucher\/","og_site_name":"Leiden Spa Massages &amp; Rituals","article_modified_time":"2026-02-24T15:22:49+00:00","og_image":[{"width":1000,"height":1000,"url":"https:\/\/leidenspamassages.nl\/wp-content\/uploads\/sites\/3\/2023\/05\/Spa-Massages-en-Rituals-digitale-cadeaubon.jpg","type":"image\/jpeg"}],"twitter_card":"summary_large_image","twitter_misc":{"Estimated reading time":"1 minute"},"schema":{"@context":"https:\/\/schema.org","@graph":[{"@type":"WebPage","@id":"https:\/\/leidenspamassages.nl\/en\/product\/digital-gift-voucher\/","url":"https:\/\/leidenspamassages.nl\/en\/product\/digital-gift-voucher\/","name":"Digital gift voucher - Leiden Spa Massages &amp; Rituals","isPartOf":{"@id":"https:\/\/leidenspamassages.nl\/#website"},"primaryImageOfPage":{"@id":"https:\/\/leidenspamassages.nl\/en\/product\/digital-gift-voucher\/#primaryimage"},"image":{"@id":"https:\/\/leidenspamassages.nl\/en\/product\/digital-gift-voucher\/#primaryimage"},"thumbnailUrl":"https:\/\/leidenspamassages.nl\/wp-content\/uploads\/sites\/3\/2023\/05\/Spa-Massages-en-Rituals-digitale-cadeaubon.jpg","datePublished":"2023-05-10T13:23:44+00:00","dateModified":"2026-02-24T15:22:49+00:00","breadcrumb":{"@id":"https:\/\/leidenspamassages.nl\/en\/product\/digital-gift-voucher\/#breadcrumb"},"inLanguage":"en-GB","potentialAction":[{"@type":"ReadAction","target":["https:\/\/leidenspamassages.nl\/en\/product\/digital-gift-voucher\/"]}]},{"@type":"ImageObject","inLanguage":"en-GB","@id":"https:\/\/leidenspamassages.nl\/en\/product\/digital-gift-voucher\/#primaryimage","url":"https:\/\/leidenspamassages.nl\/wp-content\/uploads\/sites\/3\/2023\/05\/Spa-Massages-en-Rituals-digitale-cadeaubon.jpg","contentUrl":"https:\/\/leidenspamassages.nl\/wp-content\/uploads\/sites\/3\/2023\/05\/Spa-Massages-en-Rituals-digitale-cadeaubon.jpg","width":1000,"height":1000},{"@type":"BreadcrumbList","@id":"https:\/\/leidenspamassages.nl\/en\/product\/digital-gift-voucher\/#breadcrumb","itemListElement":[{"@type":"ListItem","position":1,"name":"Winkel","item":"https:\/\/leidenspamassages.nl\/fr\/winkel\/"},{"@type":"ListItem","position":2,"name":"Digitale cadeaubon"}]},{"@type":"WebSite","@id":"https:\/\/leidenspamassages.nl\/#website","url":"https:\/\/leidenspamassages.nl\/","name":"Leiden Spa Massages &amp; Rituals","description":"","publisher":{"@id":"https:\/\/leidenspamassages.nl\/#organization"},"potentialAction":[{"@type":"SearchAction","target":{"@type":"EntryPoint","urlTemplate":"https:\/\/leidenspamassages.nl\/?s={search_term_string}"},"query-input":{"@type":"PropertyValueSpecification","valueRequired":true,"valueName":"search_term_string"}}],"inLanguage":"en-GB"},{"@type":"Organization","@id":"https:\/\/leidenspamassages.nl\/#organization","name":"Leiden Spa Massages &amp; Rituals","url":"https:\/\/leidenspamassages.nl\/","logo":{"@type":"ImageObject","inLanguage":"en-GB","@id":"https:\/\/leidenspamassages.nl\/#\/schema\/logo\/image\/","url":"https:\/\/leidenspamassages.nl\/wp-content\/uploads\/sites\/3\/2022\/12\/Leiden_Spa_Massage_en_Rituals-logo.png","contentUrl":"https:\/\/leidenspamassages.nl\/wp-content\/uploads\/sites\/3\/2022\/12\/Leiden_Spa_Massage_en_Rituals-logo.png","width":1000,"height":502,"caption":"Leiden Spa Massages &amp; Rituals"},"image":{"@id":"https:\/\/leidenspamassages.nl\/#\/schema\/logo\/image\/"}}]}},"_links":{"self":[{"href":"https:\/\/leidenspamassages.nl\/en\/wp-json\/wp\/v2\/product\/1002","targetHints":{"allow":["GET"]}}],"collection":[{"href":"https:\/\/leidenspamassages.nl\/en\/wp-json\/wp\/v2\/product"}],"about":[{"href":"https:\/\/leidenspamassages.nl\/en\/wp-json\/wp\/v2\/types\/product"}],"wp:featuredmedia":[{"embeddable":true,"href":"https:\/\/leidenspamassages.nl\/en\/wp-json\/wp\/v2\/media\/1003"}],"wp:attachment":[{"href":"https:\/\/leidenspamassages.nl\/en\/wp-json\/wp\/v2\/media?parent=1002"}],"wp:term":[{"taxonomy":"product_brand","embeddable":true,"href":"https:\/\/leidenspamassages.nl\/en\/wp-json\/wp\/v2\/product_brand?post=1002"},{"taxonomy":"product_cat","embeddable":true,"href":"https:\/\/leidenspamassages.nl\/en\/wp-json\/wp\/v2\/product_cat?post=1002"},{"taxonomy":"product_tag","embeddable":true,"href":"https:\/\/leidenspamassages.nl\/en\/wp-json\/wp\/v2\/product_tag?post=1002"},{"taxonomy":"giftcard-category","embeddable":true,"href":"https:\/\/leidenspamassages.nl\/en\/wp-json\/wp\/v2\/giftcard-category?post=1002"}],"curies":[{"name":"wp","href":"https:\/\/api.w.org\/{rel}","templated":true}]}}