{"id":1004,"date":"2023-05-10T13:24:54","date_gmt":"2023-05-10T13:24:54","guid":{"rendered":"https:\/\/leidenspamassages.nl\/?post_type=product&#038;p=1004"},"modified":"2026-01-06T14:04:17","modified_gmt":"2026-01-06T13:04:17","slug":"papieren-cadeaubon","status":"publish","type":"product","link":"https:\/\/leidenspamassages.nl\/en\/product\/paper-gift-voucher\/","title":{"rendered":"Paper gift voucher"},"content":{"rendered":"","protected":false},"excerpt":{"rendered":"<p><strong>Pamper or surprise someone?<\/strong><br \/>\nSpa Massages &amp; Rituals's gift voucher is the ideal gift.<br \/>\nThe gift voucher is redeemable at both location Leiden and location Oegstgeest.<\/p>\n<p><i>The validity of the gift voucher expires one year after the purchase date.<\/i><\/p>\n<p><em>Order the paper gift voucher here, sent by postNL, delivered in 1 to 2 days.<\/em><\/p>\n<p><em>Delivery time 4 days, receive faster? <a href=\"https:\/\/leidenspamassages.nl\/en\/product\/digital-gift-voucher\/\">Order a digital gift voucher.<\/a><\/em><\/p>","protected":false},"featured_media":1005,"template":"","meta":{"_acf_changed":false},"product_brand":[],"product_cat":[17],"product_tag":[],"giftcard-category":[],"class_list":{"0":"post-1004","1":"product","2":"type-product","3":"status-publish","4":"has-post-thumbnail","6":"product_cat-geen-categorie","8":"first","9":"instock","10":"shipping-taxable","11":"purchasable","12":"product-type-gift-card"},"acf":[],"yoast_head":"<!-- This site is optimized with the Yoast SEO plugin v27.3 - https:\/\/yoast.com\/product\/yoast-seo-wordpress\/ -->\n<title>Papieren Cadeaubon - Leiden Spa Massages &amp; Rituals<\/title>\n<meta name=\"robots\" content=\"index, follow, max-snippet:-1, max-image-preview:large, max-video-preview:-1\" \/>\n<link rel=\"canonical\" href=\"https:\/\/leidenspamassages.nl\/en\/\u03c0\u03c1\u03bf\u03ca\u03cc\u03bd\/\u03c7\u03ac\u03c1\u03c4\u03b9\u03bd\u03b7-\u03b4\u03c9\u03c1\u03bf\u03b5\u03c0\u03b9\u03c4\u03b1\u03b3\u03ae\/\" \/>\n<meta property=\"og:locale\" content=\"en_GB\" \/>\n<meta property=\"og:type\" content=\"article\" \/>\n<meta property=\"og:title\" content=\"Papieren Cadeaubon - Leiden Spa Massages &amp; Rituals\" \/>\n<meta property=\"og:description\" content=\"Iemand verwennen of verrassen? De cadeaubon van Spa Massages &amp; Rituals is het ideale cadeau. De cadeaubon is inwisselbaar bij locatie Leiden \u00e9n locatie Oegstgeest.  De geldigheid van de cadeaubon verloopt \u00e9\u00e9n jaar na de aankoopdatum.  Bestel hier de papieren cadeaubon, verstuurd met postNL, in 1 \u00e0 2 dagen bezorgd.  Levertijd 4 dagen, sneller ontvangen? Bestel een digitale cadeaubon.\" \/>\n<meta property=\"og:url\" content=\"https:\/\/leidenspamassages.nl\/en\/\u03c0\u03c1\u03bf\u03ca\u03cc\u03bd\/\u03c7\u03ac\u03c1\u03c4\u03b9\u03bd\u03b7-\u03b4\u03c9\u03c1\u03bf\u03b5\u03c0\u03b9\u03c4\u03b1\u03b3\u03ae\/\" \/>\n<meta property=\"og:site_name\" content=\"Leiden Spa Massages &amp; Rituals\" \/>\n<meta property=\"article:modified_time\" content=\"2026-01-06T13:04:17+00:00\" \/>\n<meta property=\"og:image\" content=\"https:\/\/leidenspamassages.nl\/wp-content\/uploads\/sites\/3\/2023\/05\/Spa-Massages-en-Rituals-papieren-cadeaubon.jpg\" \/>\n\t<meta property=\"og:image:width\" content=\"1000\" \/>\n\t<meta property=\"og:image:height\" content=\"1000\" \/>\n\t<meta property=\"og:image:type\" content=\"image\/jpeg\" \/>\n<meta name=\"twitter:card\" content=\"summary_large_image\" \/>\n<meta name=\"twitter:label1\" content=\"Estimated reading time\" \/>\n\t<meta name=\"twitter:data1\" content=\"1 minute\" \/>\n<script type=\"application\/ld+json\" class=\"yoast-schema-graph\">{\"@context\":\"https:\\\/\\\/schema.org\",\"@graph\":[{\"@type\":\"WebPage\",\"@id\":\"https:\\\/\\\/leidenspamassages.nl\\\/el\\\/\u03c0\u03c1\u03bf\u03ca\u03cc\u03bd\\\/\u03c7\u03ac\u03c1\u03c4\u03b9\u03bd\u03b7-\u03b4\u03c9\u03c1\u03bf\u03b5\u03c0\u03b9\u03c4\u03b1\u03b3\u03ae\\\/\",\"url\":\"https:\\\/\\\/leidenspamassages.nl\\\/el\\\/\u03c0\u03c1\u03bf\u03ca\u03cc\u03bd\\\/\u03c7\u03ac\u03c1\u03c4\u03b9\u03bd\u03b7-\u03b4\u03c9\u03c1\u03bf\u03b5\u03c0\u03b9\u03c4\u03b1\u03b3\u03ae\\\/\",\"name\":\"Papieren Cadeaubon - Leiden Spa Massages &amp; Rituals\",\"isPartOf\":{\"@id\":\"https:\\\/\\\/leidenspamassages.nl\\\/#website\"},\"primaryImageOfPage\":{\"@id\":\"https:\\\/\\\/leidenspamassages.nl\\\/el\\\/\u03c0\u03c1\u03bf\u03ca\u03cc\u03bd\\\/\u03c7\u03ac\u03c1\u03c4\u03b9\u03bd\u03b7-\u03b4\u03c9\u03c1\u03bf\u03b5\u03c0\u03b9\u03c4\u03b1\u03b3\u03ae\\\/#primaryimage\"},\"image\":{\"@id\":\"https:\\\/\\\/leidenspamassages.nl\\\/el\\\/\u03c0\u03c1\u03bf\u03ca\u03cc\u03bd\\\/\u03c7\u03ac\u03c1\u03c4\u03b9\u03bd\u03b7-\u03b4\u03c9\u03c1\u03bf\u03b5\u03c0\u03b9\u03c4\u03b1\u03b3\u03ae\\\/#primaryimage\"},\"thumbnailUrl\":\"https:\\\/\\\/leidenspamassages.nl\\\/wp-content\\\/uploads\\\/sites\\\/3\\\/2023\\\/05\\\/Spa-Massages-en-Rituals-papieren-cadeaubon.jpg\",\"datePublished\":\"2023-05-10T13:24:54+00:00\",\"dateModified\":\"2026-01-06T13:04:17+00:00\",\"breadcrumb\":{\"@id\":\"https:\\\/\\\/leidenspamassages.nl\\\/el\\\/\u03c0\u03c1\u03bf\u03ca\u03cc\u03bd\\\/\u03c7\u03ac\u03c1\u03c4\u03b9\u03bd\u03b7-\u03b4\u03c9\u03c1\u03bf\u03b5\u03c0\u03b9\u03c4\u03b1\u03b3\u03ae\\\/#breadcrumb\"},\"inLanguage\":\"en-GB\",\"potentialAction\":[{\"@type\":\"ReadAction\",\"target\":[\"https:\\\/\\\/leidenspamassages.nl\\\/el\\\/\u03c0\u03c1\u03bf\u03ca\u03cc\u03bd\\\/\u03c7\u03ac\u03c1\u03c4\u03b9\u03bd\u03b7-\u03b4\u03c9\u03c1\u03bf\u03b5\u03c0\u03b9\u03c4\u03b1\u03b3\u03ae\\\/\"]}]},{\"@type\":\"ImageObject\",\"inLanguage\":\"en-GB\",\"@id\":\"https:\\\/\\\/leidenspamassages.nl\\\/el\\\/\u03c0\u03c1\u03bf\u03ca\u03cc\u03bd\\\/\u03c7\u03ac\u03c1\u03c4\u03b9\u03bd\u03b7-\u03b4\u03c9\u03c1\u03bf\u03b5\u03c0\u03b9\u03c4\u03b1\u03b3\u03ae\\\/#primaryimage\",\"url\":\"https:\\\/\\\/leidenspamassages.nl\\\/wp-content\\\/uploads\\\/sites\\\/3\\\/2023\\\/05\\\/Spa-Massages-en-Rituals-papieren-cadeaubon.jpg\",\"contentUrl\":\"https:\\\/\\\/leidenspamassages.nl\\\/wp-content\\\/uploads\\\/sites\\\/3\\\/2023\\\/05\\\/Spa-Massages-en-Rituals-papieren-cadeaubon.jpg\",\"width\":1000,\"height\":1000},{\"@type\":\"BreadcrumbList\",\"@id\":\"https:\\\/\\\/leidenspamassages.nl\\\/el\\\/\u03c0\u03c1\u03bf\u03ca\u03cc\u03bd\\\/\u03c7\u03ac\u03c1\u03c4\u03b9\u03bd\u03b7-\u03b4\u03c9\u03c1\u03bf\u03b5\u03c0\u03b9\u03c4\u03b1\u03b3\u03ae\\\/#breadcrumb\",\"itemListElement\":[{\"@type\":\"ListItem\",\"position\":1,\"name\":\"Winkel\",\"item\":\"https:\\\/\\\/leidenspamassages.nl\\\/fr\\\/winkel\\\/\"},{\"@type\":\"ListItem\",\"position\":2,\"name\":\"Papieren Cadeaubon\"}]},{\"@type\":\"WebSite\",\"@id\":\"https:\\\/\\\/leidenspamassages.nl\\\/#website\",\"url\":\"https:\\\/\\\/leidenspamassages.nl\\\/\",\"name\":\"Leiden Spa Massages &amp; Rituals\",\"description\":\"\",\"publisher\":{\"@id\":\"https:\\\/\\\/leidenspamassages.nl\\\/#organization\"},\"potentialAction\":[{\"@type\":\"SearchAction\",\"target\":{\"@type\":\"EntryPoint\",\"urlTemplate\":\"https:\\\/\\\/leidenspamassages.nl\\\/?s={search_term_string}\"},\"query-input\":{\"@type\":\"PropertyValueSpecification\",\"valueRequired\":true,\"valueName\":\"search_term_string\"}}],\"inLanguage\":\"en-GB\"},{\"@type\":\"Organization\",\"@id\":\"https:\\\/\\\/leidenspamassages.nl\\\/#organization\",\"name\":\"Leiden Spa Massages &amp; Rituals\",\"url\":\"https:\\\/\\\/leidenspamassages.nl\\\/\",\"logo\":{\"@type\":\"ImageObject\",\"inLanguage\":\"en-GB\",\"@id\":\"https:\\\/\\\/leidenspamassages.nl\\\/#\\\/schema\\\/logo\\\/image\\\/\",\"url\":\"https:\\\/\\\/leidenspamassages.nl\\\/wp-content\\\/uploads\\\/sites\\\/3\\\/2022\\\/12\\\/Leiden_Spa_Massage_en_Rituals-logo.png\",\"contentUrl\":\"https:\\\/\\\/leidenspamassages.nl\\\/wp-content\\\/uploads\\\/sites\\\/3\\\/2022\\\/12\\\/Leiden_Spa_Massage_en_Rituals-logo.png\",\"width\":1000,\"height\":502,\"caption\":\"Leiden Spa Massages &amp; Rituals\"},\"image\":{\"@id\":\"https:\\\/\\\/leidenspamassages.nl\\\/#\\\/schema\\\/logo\\\/image\\\/\"}}]}<\/script>\n<!-- \/ Yoast SEO plugin. -->","yoast_head_json":{"title":"Paper Gift Voucher - Leiden Spa Massages &amp; Rituals","robots":{"index":"index","follow":"follow","max-snippet":"max-snippet:-1","max-image-preview":"max-image-preview:large","max-video-preview":"max-video-preview:-1"},"canonical":"https:\/\/leidenspamassages.nl\/en\/\u03c0\u03c1\u03bf\u03ca\u03cc\u03bd\/\u03c7\u03ac\u03c1\u03c4\u03b9\u03bd\u03b7-\u03b4\u03c9\u03c1\u03bf\u03b5\u03c0\u03b9\u03c4\u03b1\u03b3\u03ae\/","og_locale":"en_GB","og_type":"article","og_title":"Papieren Cadeaubon - Leiden Spa Massages &amp; Rituals","og_description":"Iemand verwennen of verrassen? De cadeaubon van Spa Massages &amp; Rituals is het ideale cadeau. De cadeaubon is inwisselbaar bij locatie Leiden \u00e9n locatie Oegstgeest.  De geldigheid van de cadeaubon verloopt \u00e9\u00e9n jaar na de aankoopdatum.  Bestel hier de papieren cadeaubon, verstuurd met postNL, in 1 \u00e0 2 dagen bezorgd.  Levertijd 4 dagen, sneller ontvangen? Bestel een digitale cadeaubon.","og_url":"https:\/\/leidenspamassages.nl\/en\/\u03c0\u03c1\u03bf\u03ca\u03cc\u03bd\/\u03c7\u03ac\u03c1\u03c4\u03b9\u03bd\u03b7-\u03b4\u03c9\u03c1\u03bf\u03b5\u03c0\u03b9\u03c4\u03b1\u03b3\u03ae\/","og_site_name":"Leiden Spa Massages &amp; Rituals","article_modified_time":"2026-01-06T13:04:17+00:00","og_image":[{"width":1000,"height":1000,"url":"https:\/\/leidenspamassages.nl\/wp-content\/uploads\/sites\/3\/2023\/05\/Spa-Massages-en-Rituals-papieren-cadeaubon.jpg","type":"image\/jpeg"}],"twitter_card":"summary_large_image","twitter_misc":{"Estimated reading time":"1 minute"},"schema":{"@context":"https:\/\/schema.org","@graph":[{"@type":"WebPage","@id":"https:\/\/leidenspamassages.nl\/el\/\u03c0\u03c1\u03bf\u03ca\u03cc\u03bd\/\u03c7\u03ac\u03c1\u03c4\u03b9\u03bd\u03b7-\u03b4\u03c9\u03c1\u03bf\u03b5\u03c0\u03b9\u03c4\u03b1\u03b3\u03ae\/","url":"https:\/\/leidenspamassages.nl\/el\/\u03c0\u03c1\u03bf\u03ca\u03cc\u03bd\/\u03c7\u03ac\u03c1\u03c4\u03b9\u03bd\u03b7-\u03b4\u03c9\u03c1\u03bf\u03b5\u03c0\u03b9\u03c4\u03b1\u03b3\u03ae\/","name":"Paper Gift Voucher - Leiden Spa Massages &amp; Rituals","isPartOf":{"@id":"https:\/\/leidenspamassages.nl\/#website"},"primaryImageOfPage":{"@id":"https:\/\/leidenspamassages.nl\/el\/\u03c0\u03c1\u03bf\u03ca\u03cc\u03bd\/\u03c7\u03ac\u03c1\u03c4\u03b9\u03bd\u03b7-\u03b4\u03c9\u03c1\u03bf\u03b5\u03c0\u03b9\u03c4\u03b1\u03b3\u03ae\/#primaryimage"},"image":{"@id":"https:\/\/leidenspamassages.nl\/el\/\u03c0\u03c1\u03bf\u03ca\u03cc\u03bd\/\u03c7\u03ac\u03c1\u03c4\u03b9\u03bd\u03b7-\u03b4\u03c9\u03c1\u03bf\u03b5\u03c0\u03b9\u03c4\u03b1\u03b3\u03ae\/#primaryimage"},"thumbnailUrl":"https:\/\/leidenspamassages.nl\/wp-content\/uploads\/sites\/3\/2023\/05\/Spa-Massages-en-Rituals-papieren-cadeaubon.jpg","datePublished":"2023-05-10T13:24:54+00:00","dateModified":"2026-01-06T13:04:17+00:00","breadcrumb":{"@id":"https:\/\/leidenspamassages.nl\/el\/\u03c0\u03c1\u03bf\u03ca\u03cc\u03bd\/\u03c7\u03ac\u03c1\u03c4\u03b9\u03bd\u03b7-\u03b4\u03c9\u03c1\u03bf\u03b5\u03c0\u03b9\u03c4\u03b1\u03b3\u03ae\/#breadcrumb"},"inLanguage":"en-GB","potentialAction":[{"@type":"ReadAction","target":["https:\/\/leidenspamassages.nl\/el\/\u03c0\u03c1\u03bf\u03ca\u03cc\u03bd\/\u03c7\u03ac\u03c1\u03c4\u03b9\u03bd\u03b7-\u03b4\u03c9\u03c1\u03bf\u03b5\u03c0\u03b9\u03c4\u03b1\u03b3\u03ae\/"]}]},{"@type":"ImageObject","inLanguage":"en-GB","@id":"https:\/\/leidenspamassages.nl\/el\/\u03c0\u03c1\u03bf\u03ca\u03cc\u03bd\/\u03c7\u03ac\u03c1\u03c4\u03b9\u03bd\u03b7-\u03b4\u03c9\u03c1\u03bf\u03b5\u03c0\u03b9\u03c4\u03b1\u03b3\u03ae\/#primaryimage","url":"https:\/\/leidenspamassages.nl\/wp-content\/uploads\/sites\/3\/2023\/05\/Spa-Massages-en-Rituals-papieren-cadeaubon.jpg","contentUrl":"https:\/\/leidenspamassages.nl\/wp-content\/uploads\/sites\/3\/2023\/05\/Spa-Massages-en-Rituals-papieren-cadeaubon.jpg","width":1000,"height":1000},{"@type":"BreadcrumbList","@id":"https:\/\/leidenspamassages.nl\/el\/\u03c0\u03c1\u03bf\u03ca\u03cc\u03bd\/\u03c7\u03ac\u03c1\u03c4\u03b9\u03bd\u03b7-\u03b4\u03c9\u03c1\u03bf\u03b5\u03c0\u03b9\u03c4\u03b1\u03b3\u03ae\/#breadcrumb","itemListElement":[{"@type":"ListItem","position":1,"name":"Winkel","item":"https:\/\/leidenspamassages.nl\/fr\/winkel\/"},{"@type":"ListItem","position":2,"name":"Papieren Cadeaubon"}]},{"@type":"WebSite","@id":"https:\/\/leidenspamassages.nl\/#website","url":"https:\/\/leidenspamassages.nl\/","name":"Leiden Spa Massages &amp; Rituals","description":"","publisher":{"@id":"https:\/\/leidenspamassages.nl\/#organization"},"potentialAction":[{"@type":"SearchAction","target":{"@type":"EntryPoint","urlTemplate":"https:\/\/leidenspamassages.nl\/?s={search_term_string}"},"query-input":{"@type":"PropertyValueSpecification","valueRequired":true,"valueName":"search_term_string"}}],"inLanguage":"en-GB"},{"@type":"Organization","@id":"https:\/\/leidenspamassages.nl\/#organization","name":"Leiden Spa Massages &amp; Rituals","url":"https:\/\/leidenspamassages.nl\/","logo":{"@type":"ImageObject","inLanguage":"en-GB","@id":"https:\/\/leidenspamassages.nl\/#\/schema\/logo\/image\/","url":"https:\/\/leidenspamassages.nl\/wp-content\/uploads\/sites\/3\/2022\/12\/Leiden_Spa_Massage_en_Rituals-logo.png","contentUrl":"https:\/\/leidenspamassages.nl\/wp-content\/uploads\/sites\/3\/2022\/12\/Leiden_Spa_Massage_en_Rituals-logo.png","width":1000,"height":502,"caption":"Leiden Spa Massages &amp; Rituals"},"image":{"@id":"https:\/\/leidenspamassages.nl\/#\/schema\/logo\/image\/"}}]}},"_links":{"self":[{"href":"https:\/\/leidenspamassages.nl\/en\/wp-json\/wp\/v2\/product\/1004","targetHints":{"allow":["GET"]}}],"collection":[{"href":"https:\/\/leidenspamassages.nl\/en\/wp-json\/wp\/v2\/product"}],"about":[{"href":"https:\/\/leidenspamassages.nl\/en\/wp-json\/wp\/v2\/types\/product"}],"wp:featuredmedia":[{"embeddable":true,"href":"https:\/\/leidenspamassages.nl\/en\/wp-json\/wp\/v2\/media\/1005"}],"wp:attachment":[{"href":"https:\/\/leidenspamassages.nl\/en\/wp-json\/wp\/v2\/media?parent=1004"}],"wp:term":[{"taxonomy":"product_brand","embeddable":true,"href":"https:\/\/leidenspamassages.nl\/en\/wp-json\/wp\/v2\/product_brand?post=1004"},{"taxonomy":"product_cat","embeddable":true,"href":"https:\/\/leidenspamassages.nl\/en\/wp-json\/wp\/v2\/product_cat?post=1004"},{"taxonomy":"product_tag","embeddable":true,"href":"https:\/\/leidenspamassages.nl\/en\/wp-json\/wp\/v2\/product_tag?post=1004"},{"taxonomy":"giftcard-category","embeddable":true,"href":"https:\/\/leidenspamassages.nl\/en\/wp-json\/wp\/v2\/giftcard-category?post=1004"}],"curies":[{"name":"wp","href":"https:\/\/api.w.org\/{rel}","templated":true}]}}