{"id":1023,"date":"2023-05-10T14:48:06","date_gmt":"2023-05-10T14:48:06","guid":{"rendered":"https:\/\/leidenspamassages.nl\/?page_id=1023"},"modified":"2024-12-23T16:00:16","modified_gmt":"2024-12-23T15:00:16","slug":"cadeaubonnen","status":"publish","type":"page","link":"https:\/\/leidenspamassages.nl\/fr\/cheques-cadeaux\/","title":{"rendered":"Ch\u00e8ques-cadeaux"},"content":{"rendered":"<div data-elementor-type=\"wp-page\" data-elementor-id=\"1023\" class=\"elementor elementor-1023\" data-elementor-post-type=\"page\">\n\t\t\t\t\t\t<section class=\"elementor-section elementor-top-section elementor-element elementor-element-d348369 elementor-hidden-desktop elementor-hidden-tablet elementor-section-boxed elementor-section-height-default elementor-section-height-default\" data-id=\"d348369\" data-element_type=\"section\" data-e-type=\"section\">\n\t\t\t\t\t\t<div class=\"elementor-container elementor-column-gap-default\">\n\t\t\t\t\t<div class=\"elementor-column elementor-col-100 elementor-top-column elementor-element elementor-element-80510aa\" data-id=\"80510aa\" data-element_type=\"column\" data-e-type=\"column\">\n\t\t\t<div class=\"elementor-widget-wrap elementor-element-populated\">\n\t\t\t\t\t\t<div class=\"elementor-element elementor-element-dcfbcb1 elementor-widget elementor-widget-spacer\" data-id=\"dcfbcb1\" data-element_type=\"widget\" data-e-type=\"widget\" data-widget_type=\"spacer.default\">\n\t\t\t\t<div class=\"elementor-widget-container\">\n\t\t\t\t\t\t\t<div class=\"elementor-spacer\">\n\t\t\t<div class=\"elementor-spacer-inner\"><\/div>\n\t\t<\/div>\n\t\t\t\t\t\t<\/div>\n\t\t\t\t<\/div>\n\t\t\t\t<div class=\"elementor-element elementor-element-f7913f5 elementor-grid-2 elementor-grid-tablet-3 elementor-grid-mobile-2 elementor-products-grid elementor-wc-products elementor-widget elementor-widget-woocommerce-products\" data-id=\"f7913f5\" data-element_type=\"widget\" data-e-type=\"widget\" data-widget_type=\"woocommerce-products.default\">\n\t\t\t\t<div class=\"elementor-widget-container\">\n\t\t\t\t\t<div class=\"woocommerce columns-2\"><ul class=\"products elementor-grid columns-2\">\n<li class=\"product type-product post-1002 status-publish first instock product_cat-geen-categorie has-post-thumbnail virtual purchasable product-type-gift-card\">\n\t<a href=\"https:\/\/leidenspamassages.nl\/fr\/produit\/cheque-cadeau-numerique\/\" class=\"woocommerce-LoopProduct-link woocommerce-loop-product__link\"><span class=\"label\" data-no-translation=\"\" data-trp-gettext=\"\">Duurzaam<\/span><img fetchpriority=\"high\" decoding=\"async\" width=\"300\" height=\"300\" src=\"https:\/\/leidenspamassages.nl\/wp-content\/uploads\/sites\/3\/2023\/05\/Spa-Massages-en-Rituals-digitale-cadeaubon-300x300.jpg\" class=\"attachment-woocommerce_thumbnail size-woocommerce_thumbnail\" alt=\"Ch\u00e8que-cadeau num\u00e9rique\" srcset=\"https:\/\/leidenspamassages.nl\/wp-content\/uploads\/sites\/3\/2023\/05\/Spa-Massages-en-Rituals-digitale-cadeaubon-300x300.jpg 300w, https:\/\/leidenspamassages.nl\/wp-content\/uploads\/sites\/3\/2023\/05\/Spa-Massages-en-Rituals-digitale-cadeaubon-150x150.jpg 150w, https:\/\/leidenspamassages.nl\/wp-content\/uploads\/sites\/3\/2023\/05\/Spa-Massages-en-Rituals-digitale-cadeaubon-768x768.jpg 768w, https:\/\/leidenspamassages.nl\/wp-content\/uploads\/sites\/3\/2023\/05\/Spa-Massages-en-Rituals-digitale-cadeaubon-600x600.jpg 600w, https:\/\/leidenspamassages.nl\/wp-content\/uploads\/sites\/3\/2023\/05\/Spa-Massages-en-Rituals-digitale-cadeaubon-100x100.jpg 100w, https:\/\/leidenspamassages.nl\/wp-content\/uploads\/sites\/3\/2023\/05\/Spa-Massages-en-Rituals-digitale-cadeaubon.jpg 1000w\" sizes=\"(max-width: 300px) 100vw, 300px\" \/><h2 class=\"woocommerce-loop-product__title\">Ch\u00e8que-cadeau num\u00e9rique<\/h2>\n\t<span class=\"price\"><span class=\"woocommerce-Price-amount amount\"><bdi><span class=\"woocommerce-Price-currencySymbol\">&euro;<\/span>15,00<\/bdi><\/span> <span aria-hidden=\"true\">\u00a0\u2013\u00a0<\/span> <span class=\"woocommerce-Price-amount amount\"><bdi><span class=\"woocommerce-Price-currencySymbol\">&euro;<\/span>250,00<\/bdi><\/span><span class=\"screen-reader-text\" data-no-translation=\"\" data-trp-gettext=\"\">Plage de prix\u00a0: &euro;15,00 \u00e0 &euro;250,00<\/span><\/span>\n<\/a><a href=\"https:\/\/leidenspamassages.nl\/fr\/produit\/cheque-cadeau-numerique\/\" aria-describedby=\"woocommerce_loop_add_to_cart_link_describedby_1002\" data-quantity=\"1\" class=\"button product_type_gift-card add_to_cart_button\" data-product_id=\"1002\" data-product_sku=\"\" aria-label=\"En savoir plus sur &quot;Digitale cadeaubon&quot;\" rel=\"nofollow\" data-no-translation=\"\" data-trp-gettext=\"\" data-no-translation-aria-label=\"\">Bestellen<\/a>\t<span id=\"woocommerce_loop_add_to_cart_link_describedby_1002\" class=\"screen-reader-text\">\n\t\t\t<\/span>\n<\/li>\n<li class=\"product type-product post-1004 status-publish last instock product_cat-geen-categorie has-post-thumbnail shipping-taxable purchasable product-type-gift-card\">\n\t<a href=\"https:\/\/leidenspamassages.nl\/fr\/produit\/cheque-cadeau-en-papier\/\" class=\"woocommerce-LoopProduct-link woocommerce-loop-product__link\"><img decoding=\"async\" width=\"300\" height=\"300\" src=\"https:\/\/leidenspamassages.nl\/wp-content\/uploads\/sites\/3\/2023\/05\/Spa-Massages-en-Rituals-papieren-cadeaubon-300x300.jpg\" class=\"attachment-woocommerce_thumbnail size-woocommerce_thumbnail\" alt=\"Ch\u00e8que-cadeau en papier\" srcset=\"https:\/\/leidenspamassages.nl\/wp-content\/uploads\/sites\/3\/2023\/05\/Spa-Massages-en-Rituals-papieren-cadeaubon-300x300.jpg 300w, https:\/\/leidenspamassages.nl\/wp-content\/uploads\/sites\/3\/2023\/05\/Spa-Massages-en-Rituals-papieren-cadeaubon-150x150.jpg 150w, https:\/\/leidenspamassages.nl\/wp-content\/uploads\/sites\/3\/2023\/05\/Spa-Massages-en-Rituals-papieren-cadeaubon-768x768.jpg 768w, https:\/\/leidenspamassages.nl\/wp-content\/uploads\/sites\/3\/2023\/05\/Spa-Massages-en-Rituals-papieren-cadeaubon-600x600.jpg 600w, https:\/\/leidenspamassages.nl\/wp-content\/uploads\/sites\/3\/2023\/05\/Spa-Massages-en-Rituals-papieren-cadeaubon-100x100.jpg 100w, https:\/\/leidenspamassages.nl\/wp-content\/uploads\/sites\/3\/2023\/05\/Spa-Massages-en-Rituals-papieren-cadeaubon.jpg 1000w\" sizes=\"(max-width: 300px) 100vw, 300px\" \/><h2 class=\"woocommerce-loop-product__title\">Ch\u00e8que-cadeau en papier<\/h2>\n\t<span class=\"price\"><span class=\"woocommerce-Price-amount amount\"><bdi><span class=\"woocommerce-Price-currencySymbol\">&euro;<\/span>61,50<\/bdi><\/span> <span aria-hidden=\"true\">\u00a0\u2013\u00a0<\/span> <span class=\"woocommerce-Price-amount amount\"><bdi><span class=\"woocommerce-Price-currencySymbol\">&euro;<\/span>153,00<\/bdi><\/span><span class=\"screen-reader-text\" data-no-translation=\"\" data-trp-gettext=\"\">Plage de prix\u00a0: &euro;61,50 \u00e0 &euro;153,00<\/span><\/span>\n<\/a><a href=\"https:\/\/leidenspamassages.nl\/fr\/produit\/cheque-cadeau-en-papier\/\" aria-describedby=\"woocommerce_loop_add_to_cart_link_describedby_1004\" data-quantity=\"1\" class=\"button product_type_gift-card add_to_cart_button\" data-product_id=\"1004\" data-product_sku=\"\" aria-label=\"En savoir plus sur &quot;Papieren Cadeaubon&quot;\" rel=\"nofollow\" data-no-translation=\"\" data-trp-gettext=\"\" data-no-translation-aria-label=\"\">Bestellen<\/a>\t<span id=\"woocommerce_loop_add_to_cart_link_describedby_1004\" class=\"screen-reader-text\">\n\t\t\t<\/span>\n<\/li>\n<\/ul>\n<\/div>\t\t\t\t<\/div>\n\t\t\t\t<\/div>\n\t\t\t\t\t<\/div>\n\t\t<\/div>\n\t\t\t\t\t<\/div>\n\t\t<\/section>\n\t\t\t\t<section class=\"elementor-section elementor-top-section elementor-element elementor-element-2ec086e7 elementor-section-boxed elementor-section-height-default elementor-section-height-default\" data-id=\"2ec086e7\" data-element_type=\"section\" data-e-type=\"section\">\n\t\t\t\t\t\t<div class=\"elementor-container elementor-column-gap-default\">\n\t\t\t\t\t<div class=\"elementor-column elementor-col-100 elementor-top-column elementor-element elementor-element-5e116c18\" data-id=\"5e116c18\" data-element_type=\"column\" data-e-type=\"column\">\n\t\t\t<div class=\"elementor-widget-wrap elementor-element-populated\">\n\t\t\t\t\t\t<div class=\"elementor-element elementor-element-cfd8c49 elementor-widget elementor-widget-spacer\" data-id=\"cfd8c49\" data-element_type=\"widget\" data-e-type=\"widget\" data-widget_type=\"spacer.default\">\n\t\t\t\t<div class=\"elementor-widget-container\">\n\t\t\t\t\t\t\t<div class=\"elementor-spacer\">\n\t\t\t<div class=\"elementor-spacer-inner\"><\/div>\n\t\t<\/div>\n\t\t\t\t\t\t<\/div>\n\t\t\t\t<\/div>\n\t\t\t\t<section class=\"elementor-section elementor-inner-section elementor-element elementor-element-141f8a61 elementor-section-boxed elementor-section-height-default elementor-section-height-default\" data-id=\"141f8a61\" data-element_type=\"section\" data-e-type=\"section\">\n\t\t\t\t\t\t<div class=\"elementor-container elementor-column-gap-no\">\n\t\t\t\t\t<div class=\"elementor-column elementor-col-50 elementor-inner-column elementor-element elementor-element-34210cae\" data-id=\"34210cae\" data-element_type=\"column\" data-e-type=\"column\">\n\t\t\t<div class=\"elementor-widget-wrap\">\n\t\t\t\t\t\t\t<\/div>\n\t\t<\/div>\n\t\t\t\t<div class=\"elementor-column elementor-col-50 elementor-inner-column elementor-element elementor-element-3ea7d57c\" data-id=\"3ea7d57c\" data-element_type=\"column\" data-e-type=\"column\" data-settings=\"{&quot;background_background&quot;:&quot;classic&quot;}\">\n\t\t\t<div class=\"elementor-widget-wrap elementor-element-populated\">\n\t\t\t\t\t\t<div class=\"elementor-element elementor-element-4df8d2d1 elementor-widget elementor-widget-heading\" data-id=\"4df8d2d1\" data-element_type=\"widget\" data-e-type=\"widget\" data-widget_type=\"heading.default\">\n\t\t\t\t<div class=\"elementor-widget-container\">\n\t\t\t\t\t<h1 class=\"elementor-heading-title elementor-size-default\">Ch\u00e8ques-cadeaux<\/h1>\t\t\t\t<\/div>\n\t\t\t\t<\/div>\n\t\t\t\t<div class=\"elementor-element elementor-element-14927f2b elementor-widget elementor-widget-text-editor\" data-id=\"14927f2b\" data-element_type=\"widget\" data-e-type=\"widget\" data-widget_type=\"text-editor.default\">\n\t\t\t\t<div class=\"elementor-widget-container\">\n\t\t\t\t\t\t\t\t\t<div>Ces ch\u00e8ques-cadeaux peuvent \u00eatre \u00e9chang\u00e9s \u00e0 la fois au si\u00e8ge de Leiden et au si\u00e8ge de Oegstgeest.<\/div><div>\u00a0<\/div><div>Il est possible de d\u00e9penser le ch\u00e8que-cadeau en plusieurs fois lorsque le cr\u00e9dit le permet.<\/div><div>\u00a0<\/div><div>Optez pour l'option durable de la carte cadeau num\u00e9rique et vous obtiendrez la carte cadeau instantan\u00e9ment.<br \/>La version papier sera envoy\u00e9e par PostNL et livr\u00e9e \u00e0 l'adresse souhait\u00e9e dans un d\u00e9lai de 3 \u00e0 4 jours.<\/div><div><i>La validit\u00e9 du ch\u00e8que-cadeau expire un an apr\u00e8s la date d'achat.<\/i><\/div>\t\t\t\t\t\t\t\t<\/div>\n\t\t\t\t<\/div>\n\t\t\t\t\t<\/div>\n\t\t<\/div>\n\t\t\t\t\t<\/div>\n\t\t<\/section>\n\t\t\t\t<section class=\"elementor-section elementor-inner-section elementor-element elementor-element-ff6035b elementor-section-boxed elementor-section-height-default elementor-section-height-default\" data-id=\"ff6035b\" data-element_type=\"section\" data-e-type=\"section\">\n\t\t\t\t\t\t<div class=\"elementor-container elementor-column-gap-default\">\n\t\t\t\t\t<div class=\"elementor-column elementor-col-33 elementor-inner-column elementor-element elementor-element-3be1b95e image-offset-bottom-right border-green\" data-id=\"3be1b95e\" data-element_type=\"column\" data-e-type=\"column\" data-settings=\"{&quot;background_background&quot;:&quot;classic&quot;}\">\n\t\t\t<div class=\"elementor-widget-wrap elementor-element-populated\">\n\t\t\t\t\t\t<div class=\"elementor-element elementor-element-611c2e79 elementor-widget elementor-widget-spacer\" data-id=\"611c2e79\" data-element_type=\"widget\" data-e-type=\"widget\" data-widget_type=\"spacer.default\">\n\t\t\t\t<div class=\"elementor-widget-container\">\n\t\t\t\t\t\t\t<div class=\"elementor-spacer\">\n\t\t\t<div class=\"elementor-spacer-inner\"><\/div>\n\t\t<\/div>\n\t\t\t\t\t\t<\/div>\n\t\t\t\t<\/div>\n\t\t\t\t\t<\/div>\n\t\t<\/div>\n\t\t\t\t<div class=\"elementor-column elementor-col-66 elementor-inner-column elementor-element elementor-element-567582f\" data-id=\"567582f\" data-element_type=\"column\" data-e-type=\"column\">\n\t\t\t<div class=\"elementor-widget-wrap\">\n\t\t\t\t\t\t\t<\/div>\n\t\t<\/div>\n\t\t\t\t\t<\/div>\n\t\t<\/section>\n\t\t\t\t\t<\/div>\n\t\t<\/div>\n\t\t\t\t\t<\/div>\n\t\t<\/section>\n\t\t\t\t<section class=\"elementor-section elementor-top-section elementor-element elementor-element-ab415eb elementor-hidden-mobile elementor-section-boxed elementor-section-height-default elementor-section-height-default\" data-id=\"ab415eb\" data-element_type=\"section\" data-e-type=\"section\">\n\t\t\t\t\t\t<div class=\"elementor-container elementor-column-gap-default\">\n\t\t\t\t\t<div class=\"elementor-column elementor-col-100 elementor-top-column elementor-element elementor-element-db5566a\" data-id=\"db5566a\" data-element_type=\"column\" data-e-type=\"column\">\n\t\t\t<div class=\"elementor-widget-wrap elementor-element-populated\">\n\t\t\t\t\t\t<div class=\"elementor-element elementor-element-d558951 elementor-widget elementor-widget-spacer\" data-id=\"d558951\" data-element_type=\"widget\" data-e-type=\"widget\" data-widget_type=\"spacer.default\">\n\t\t\t\t<div class=\"elementor-widget-container\">\n\t\t\t\t\t\t\t<div class=\"elementor-spacer\">\n\t\t\t<div class=\"elementor-spacer-inner\"><\/div>\n\t\t<\/div>\n\t\t\t\t\t\t<\/div>\n\t\t\t\t<\/div>\n\t\t\t\t<div class=\"elementor-element elementor-element-3088bed elementor-grid-2 elementor-grid-tablet-3 elementor-grid-mobile-2 elementor-products-grid elementor-wc-products elementor-widget elementor-widget-woocommerce-products\" data-id=\"3088bed\" data-element_type=\"widget\" data-e-type=\"widget\" data-widget_type=\"woocommerce-products.default\">\n\t\t\t\t<div class=\"elementor-widget-container\">\n\t\t\t\t\t<div class=\"woocommerce columns-2\"><ul class=\"products elementor-grid columns-2\">\n<li class=\"product type-product post-1002 status-publish first instock product_cat-geen-categorie has-post-thumbnail virtual purchasable product-type-gift-card\">\n\t<a href=\"https:\/\/leidenspamassages.nl\/fr\/produit\/cheque-cadeau-numerique\/\" class=\"woocommerce-LoopProduct-link woocommerce-loop-product__link\"><span class=\"label\" data-no-translation=\"\" data-trp-gettext=\"\">Duurzaam<\/span><img fetchpriority=\"high\" decoding=\"async\" width=\"300\" height=\"300\" src=\"https:\/\/leidenspamassages.nl\/wp-content\/uploads\/sites\/3\/2023\/05\/Spa-Massages-en-Rituals-digitale-cadeaubon-300x300.jpg\" class=\"attachment-woocommerce_thumbnail size-woocommerce_thumbnail\" alt=\"Ch\u00e8que-cadeau num\u00e9rique\" srcset=\"https:\/\/leidenspamassages.nl\/wp-content\/uploads\/sites\/3\/2023\/05\/Spa-Massages-en-Rituals-digitale-cadeaubon-300x300.jpg 300w, https:\/\/leidenspamassages.nl\/wp-content\/uploads\/sites\/3\/2023\/05\/Spa-Massages-en-Rituals-digitale-cadeaubon-150x150.jpg 150w, https:\/\/leidenspamassages.nl\/wp-content\/uploads\/sites\/3\/2023\/05\/Spa-Massages-en-Rituals-digitale-cadeaubon-768x768.jpg 768w, https:\/\/leidenspamassages.nl\/wp-content\/uploads\/sites\/3\/2023\/05\/Spa-Massages-en-Rituals-digitale-cadeaubon-600x600.jpg 600w, https:\/\/leidenspamassages.nl\/wp-content\/uploads\/sites\/3\/2023\/05\/Spa-Massages-en-Rituals-digitale-cadeaubon-100x100.jpg 100w, https:\/\/leidenspamassages.nl\/wp-content\/uploads\/sites\/3\/2023\/05\/Spa-Massages-en-Rituals-digitale-cadeaubon.jpg 1000w\" sizes=\"(max-width: 300px) 100vw, 300px\" \/><h2 class=\"woocommerce-loop-product__title\">Ch\u00e8que-cadeau num\u00e9rique<\/h2>\n\t<span class=\"price\"><span class=\"woocommerce-Price-amount amount\"><bdi><span class=\"woocommerce-Price-currencySymbol\">&euro;<\/span>15,00<\/bdi><\/span> <span aria-hidden=\"true\">\u00a0\u2013\u00a0<\/span> <span class=\"woocommerce-Price-amount amount\"><bdi><span class=\"woocommerce-Price-currencySymbol\">&euro;<\/span>250,00<\/bdi><\/span><span class=\"screen-reader-text\" data-no-translation=\"\" data-trp-gettext=\"\">Plage de prix\u00a0: &euro;15,00 \u00e0 &euro;250,00<\/span><\/span>\n<\/a><a href=\"https:\/\/leidenspamassages.nl\/fr\/produit\/cheque-cadeau-numerique\/\" aria-describedby=\"woocommerce_loop_add_to_cart_link_describedby_1002\" data-quantity=\"1\" class=\"button product_type_gift-card add_to_cart_button\" data-product_id=\"1002\" data-product_sku=\"\" aria-label=\"En savoir plus sur &quot;Digitale cadeaubon&quot;\" rel=\"nofollow\" data-no-translation=\"\" data-trp-gettext=\"\" data-no-translation-aria-label=\"\">Bestellen<\/a>\t<span id=\"woocommerce_loop_add_to_cart_link_describedby_1002\" class=\"screen-reader-text\">\n\t\t\t<\/span>\n<\/li>\n<li class=\"product type-product post-1004 status-publish last instock product_cat-geen-categorie has-post-thumbnail shipping-taxable purchasable product-type-gift-card\">\n\t<a href=\"https:\/\/leidenspamassages.nl\/fr\/produit\/cheque-cadeau-en-papier\/\" class=\"woocommerce-LoopProduct-link woocommerce-loop-product__link\"><img decoding=\"async\" width=\"300\" height=\"300\" src=\"https:\/\/leidenspamassages.nl\/wp-content\/uploads\/sites\/3\/2023\/05\/Spa-Massages-en-Rituals-papieren-cadeaubon-300x300.jpg\" class=\"attachment-woocommerce_thumbnail size-woocommerce_thumbnail\" alt=\"Ch\u00e8que-cadeau en papier\" srcset=\"https:\/\/leidenspamassages.nl\/wp-content\/uploads\/sites\/3\/2023\/05\/Spa-Massages-en-Rituals-papieren-cadeaubon-300x300.jpg 300w, https:\/\/leidenspamassages.nl\/wp-content\/uploads\/sites\/3\/2023\/05\/Spa-Massages-en-Rituals-papieren-cadeaubon-150x150.jpg 150w, https:\/\/leidenspamassages.nl\/wp-content\/uploads\/sites\/3\/2023\/05\/Spa-Massages-en-Rituals-papieren-cadeaubon-768x768.jpg 768w, https:\/\/leidenspamassages.nl\/wp-content\/uploads\/sites\/3\/2023\/05\/Spa-Massages-en-Rituals-papieren-cadeaubon-600x600.jpg 600w, https:\/\/leidenspamassages.nl\/wp-content\/uploads\/sites\/3\/2023\/05\/Spa-Massages-en-Rituals-papieren-cadeaubon-100x100.jpg 100w, https:\/\/leidenspamassages.nl\/wp-content\/uploads\/sites\/3\/2023\/05\/Spa-Massages-en-Rituals-papieren-cadeaubon.jpg 1000w\" sizes=\"(max-width: 300px) 100vw, 300px\" \/><h2 class=\"woocommerce-loop-product__title\">Ch\u00e8que-cadeau en papier<\/h2>\n\t<span class=\"price\"><span class=\"woocommerce-Price-amount amount\"><bdi><span class=\"woocommerce-Price-currencySymbol\">&euro;<\/span>61,50<\/bdi><\/span> <span aria-hidden=\"true\">\u00a0\u2013\u00a0<\/span> <span class=\"woocommerce-Price-amount amount\"><bdi><span class=\"woocommerce-Price-currencySymbol\">&euro;<\/span>153,00<\/bdi><\/span><span class=\"screen-reader-text\" data-no-translation=\"\" data-trp-gettext=\"\">Plage de prix\u00a0: &euro;61,50 \u00e0 &euro;153,00<\/span><\/span>\n<\/a><a href=\"https:\/\/leidenspamassages.nl\/fr\/produit\/cheque-cadeau-en-papier\/\" aria-describedby=\"woocommerce_loop_add_to_cart_link_describedby_1004\" data-quantity=\"1\" class=\"button product_type_gift-card add_to_cart_button\" data-product_id=\"1004\" data-product_sku=\"\" aria-label=\"En savoir plus sur &quot;Papieren Cadeaubon&quot;\" rel=\"nofollow\" data-no-translation=\"\" data-trp-gettext=\"\" data-no-translation-aria-label=\"\">Bestellen<\/a>\t<span id=\"woocommerce_loop_add_to_cart_link_describedby_1004\" class=\"screen-reader-text\">\n\t\t\t<\/span>\n<\/li>\n<\/ul>\n<\/div>\t\t\t\t<\/div>\n\t\t\t\t<\/div>\n\t\t\t\t\t<\/div>\n\t\t<\/div>\n\t\t\t\t\t<\/div>\n\t\t<\/section>\n\t\t\t\t<\/div>","protected":false},"excerpt":{"rendered":"<p>Cadeaubonnen Deze cadeaubonnen zijn inwisselbaar bij locatie Leiden \u00e9n locatie Oegstgeest.\u00a0Het is mogelijk om de cadeaubon in meerdere keren te besteden wanneer het tegoed dit toelaat.\u00a0Ga voor de duurzame optie met de digitale cadeaubon en u hebt de cadeaubon direct.De papieren versie wordt verstuurd via PostNL en binnen 3 \u00e0 4 dagen op het gewenste [&hellip;]<\/p>\n","protected":false},"author":1,"featured_media":0,"parent":0,"menu_order":0,"comment_status":"closed","ping_status":"closed","template":"","meta":{"_acf_changed":false,"footnotes":""},"class_list":["post-1023","page","type-page","status-publish","hentry"],"acf":[],"yoast_head":"<!-- This site is optimized with the Yoast SEO plugin v27.4 - https:\/\/yoast.com\/product\/yoast-seo-wordpress\/ -->\n<title>Cadeaubonnen - Leiden Spa Massages &amp; Rituals<\/title>\n<meta name=\"robots\" content=\"index, follow, max-snippet:-1, max-image-preview:large, max-video-preview:-1\" \/>\n<link rel=\"canonical\" href=\"https:\/\/leidenspamassages.nl\/fr\/cheques-cadeaux\/\" \/>\n<meta property=\"og:locale\" content=\"fr_FR\" \/>\n<meta property=\"og:type\" content=\"article\" \/>\n<meta property=\"og:title\" content=\"Cadeaubonnen - Leiden Spa Massages &amp; Rituals\" \/>\n<meta property=\"og:description\" content=\"Cadeaubonnen Deze cadeaubonnen zijn inwisselbaar bij locatie Leiden \u00e9n locatie Oegstgeest.\u00a0Het is mogelijk om de cadeaubon in meerdere keren te besteden wanneer het tegoed dit toelaat.\u00a0Ga voor de duurzame optie met de digitale cadeaubon en u hebt de cadeaubon direct.De papieren versie wordt verstuurd via PostNL en binnen 3 \u00e0 4 dagen op het gewenste [&hellip;]\" \/>\n<meta property=\"og:url\" content=\"https:\/\/leidenspamassages.nl\/fr\/cheques-cadeaux\/\" \/>\n<meta property=\"og:site_name\" content=\"Leiden Spa Massages &amp; Rituals\" \/>\n<meta property=\"article:modified_time\" content=\"2024-12-23T15:00:16+00:00\" \/>\n<meta name=\"twitter:card\" content=\"summary_large_image\" \/>\n<meta name=\"twitter:label1\" content=\"Dur\u00e9e de lecture estim\u00e9e\" \/>\n\t<meta name=\"twitter:data1\" content=\"2 minutes\" \/>\n<script type=\"application\/ld+json\" class=\"yoast-schema-graph\">{\"@context\":\"https:\\\/\\\/schema.org\",\"@graph\":[{\"@type\":\"WebPage\",\"@id\":\"https:\\\/\\\/leidenspamassages.nl\\\/cadeaubonnen\\\/\",\"url\":\"https:\\\/\\\/leidenspamassages.nl\\\/cadeaubonnen\\\/\",\"name\":\"Cadeaubonnen - Leiden Spa Massages &amp; Rituals\",\"isPartOf\":{\"@id\":\"https:\\\/\\\/leidenspamassages.nl\\\/#website\"},\"datePublished\":\"2023-05-10T14:48:06+00:00\",\"dateModified\":\"2024-12-23T15:00:16+00:00\",\"inLanguage\":\"fr-FR\",\"potentialAction\":[{\"@type\":\"ReadAction\",\"target\":[\"https:\\\/\\\/leidenspamassages.nl\\\/cadeaubonnen\\\/\"]}]},{\"@type\":\"WebSite\",\"@id\":\"https:\\\/\\\/leidenspamassages.nl\\\/#website\",\"url\":\"https:\\\/\\\/leidenspamassages.nl\\\/\",\"name\":\"Leiden Spa Massages &amp; Rituals\",\"description\":\"\",\"publisher\":{\"@id\":\"https:\\\/\\\/leidenspamassages.nl\\\/#organization\"},\"potentialAction\":[{\"@type\":\"SearchAction\",\"target\":{\"@type\":\"EntryPoint\",\"urlTemplate\":\"https:\\\/\\\/leidenspamassages.nl\\\/?s={search_term_string}\"},\"query-input\":{\"@type\":\"PropertyValueSpecification\",\"valueRequired\":true,\"valueName\":\"search_term_string\"}}],\"inLanguage\":\"fr-FR\"},{\"@type\":\"Organization\",\"@id\":\"https:\\\/\\\/leidenspamassages.nl\\\/#organization\",\"name\":\"Leiden Spa Massages &amp; Rituals\",\"url\":\"https:\\\/\\\/leidenspamassages.nl\\\/\",\"logo\":{\"@type\":\"ImageObject\",\"inLanguage\":\"fr-FR\",\"@id\":\"https:\\\/\\\/leidenspamassages.nl\\\/#\\\/schema\\\/logo\\\/image\\\/\",\"url\":\"https:\\\/\\\/leidenspamassages.nl\\\/wp-content\\\/uploads\\\/sites\\\/3\\\/2022\\\/12\\\/Leiden_Spa_Massage_en_Rituals-logo.png\",\"contentUrl\":\"https:\\\/\\\/leidenspamassages.nl\\\/wp-content\\\/uploads\\\/sites\\\/3\\\/2022\\\/12\\\/Leiden_Spa_Massage_en_Rituals-logo.png\",\"width\":1000,\"height\":502,\"caption\":\"Leiden Spa Massages &amp; Rituals\"},\"image\":{\"@id\":\"https:\\\/\\\/leidenspamassages.nl\\\/#\\\/schema\\\/logo\\\/image\\\/\"}}]}<\/script>\n<!-- \/ Yoast SEO plugin. -->","yoast_head_json":{"title":"Ch\u00e8ques-cadeaux - Leiden Spa Massages &amp; Rituals","robots":{"index":"index","follow":"follow","max-snippet":"max-snippet:-1","max-image-preview":"max-image-preview:large","max-video-preview":"max-video-preview:-1"},"canonical":"https:\/\/leidenspamassages.nl\/fr\/cheques-cadeaux\/","og_locale":"fr_FR","og_type":"article","og_title":"Cadeaubonnen - Leiden Spa Massages &amp; Rituals","og_description":"Cadeaubonnen Deze cadeaubonnen zijn inwisselbaar bij locatie Leiden \u00e9n locatie Oegstgeest.\u00a0Het is mogelijk om de cadeaubon in meerdere keren te besteden wanneer het tegoed dit toelaat.\u00a0Ga voor de duurzame optie met de digitale cadeaubon en u hebt de cadeaubon direct.De papieren versie wordt verstuurd via PostNL en binnen 3 \u00e0 4 dagen op het gewenste [&hellip;]","og_url":"https:\/\/leidenspamassages.nl\/fr\/cheques-cadeaux\/","og_site_name":"Leiden Spa Massages &amp; Rituals","article_modified_time":"2024-12-23T15:00:16+00:00","twitter_card":"summary_large_image","twitter_misc":{"Dur\u00e9e de lecture estim\u00e9e":"2 minutes"},"schema":{"@context":"https:\/\/schema.org","@graph":[{"@type":"WebPage","@id":"https:\/\/leidenspamassages.nl\/cadeaubonnen\/","url":"https:\/\/leidenspamassages.nl\/cadeaubonnen\/","name":"Ch\u00e8ques-cadeaux - Leiden Spa Massages &amp; Rituals","isPartOf":{"@id":"https:\/\/leidenspamassages.nl\/#website"},"datePublished":"2023-05-10T14:48:06+00:00","dateModified":"2024-12-23T15:00:16+00:00","inLanguage":"fr-FR","potentialAction":[{"@type":"ReadAction","target":["https:\/\/leidenspamassages.nl\/cadeaubonnen\/"]}]},{"@type":"WebSite","@id":"https:\/\/leidenspamassages.nl\/#website","url":"https:\/\/leidenspamassages.nl\/","name":"Leiden Spa Massages &amp; Rituals","description":"","publisher":{"@id":"https:\/\/leidenspamassages.nl\/#organization"},"potentialAction":[{"@type":"SearchAction","target":{"@type":"EntryPoint","urlTemplate":"https:\/\/leidenspamassages.nl\/?s={search_term_string}"},"query-input":{"@type":"PropertyValueSpecification","valueRequired":true,"valueName":"search_term_string"}}],"inLanguage":"fr-FR"},{"@type":"Organization","@id":"https:\/\/leidenspamassages.nl\/#organization","name":"Leiden Spa Massages &amp; Rituals","url":"https:\/\/leidenspamassages.nl\/","logo":{"@type":"ImageObject","inLanguage":"fr-FR","@id":"https:\/\/leidenspamassages.nl\/#\/schema\/logo\/image\/","url":"https:\/\/leidenspamassages.nl\/wp-content\/uploads\/sites\/3\/2022\/12\/Leiden_Spa_Massage_en_Rituals-logo.png","contentUrl":"https:\/\/leidenspamassages.nl\/wp-content\/uploads\/sites\/3\/2022\/12\/Leiden_Spa_Massage_en_Rituals-logo.png","width":1000,"height":502,"caption":"Leiden Spa Massages &amp; Rituals"},"image":{"@id":"https:\/\/leidenspamassages.nl\/#\/schema\/logo\/image\/"}}]}},"_links":{"self":[{"href":"https:\/\/leidenspamassages.nl\/fr\/wp-json\/wp\/v2\/pages\/1023","targetHints":{"allow":["GET"]}}],"collection":[{"href":"https:\/\/leidenspamassages.nl\/fr\/wp-json\/wp\/v2\/pages"}],"about":[{"href":"https:\/\/leidenspamassages.nl\/fr\/wp-json\/wp\/v2\/types\/page"}],"author":[{"embeddable":true,"href":"https:\/\/leidenspamassages.nl\/fr\/wp-json\/wp\/v2\/users\/1"}],"replies":[{"embeddable":true,"href":"https:\/\/leidenspamassages.nl\/fr\/wp-json\/wp\/v2\/comments?post=1023"}],"version-history":[{"count":53,"href":"https:\/\/leidenspamassages.nl\/fr\/wp-json\/wp\/v2\/pages\/1023\/revisions"}],"predecessor-version":[{"id":6072,"href":"https:\/\/leidenspamassages.nl\/fr\/wp-json\/wp\/v2\/pages\/1023\/revisions\/6072"}],"wp:attachment":[{"href":"https:\/\/leidenspamassages.nl\/fr\/wp-json\/wp\/v2\/media?parent=1023"}],"curies":[{"name":"wp","href":"https:\/\/api.w.org\/{rel}","templated":true}]}}