{"id":7396,"date":"2025-09-26T15:49:11","date_gmt":"2025-09-26T13:49:11","guid":{"rendered":"https:\/\/leidenspamassages.nl\/?page_id=7396"},"modified":"2025-09-29T10:14:27","modified_gmt":"2025-09-29T08:14:27","slug":"cupping-massage-leiden","status":"publish","type":"page","link":"https:\/\/leidenspamassages.nl\/fr\/massage-cupping-leiden\/","title":{"rendered":"Massage par ventouses \u00e0 Leiden"},"content":{"rendered":"<div data-elementor-type=\"wp-page\" data-elementor-id=\"7396\" class=\"elementor elementor-7396\" data-elementor-post-type=\"page\">\n\t\t\t\t\t\t<section class=\"elementor-section elementor-top-section elementor-element elementor-element-555670c4 elementor-section-boxed elementor-section-height-default elementor-section-height-default\" data-id=\"555670c4\" data-element_type=\"section\" data-e-type=\"section\">\n\t\t\t\t\t\t<div class=\"elementor-container elementor-column-gap-default\">\n\t\t\t\t\t<div class=\"elementor-column elementor-col-100 elementor-top-column elementor-element elementor-element-2482b045\" data-id=\"2482b045\" data-element_type=\"column\" data-e-type=\"column\">\n\t\t\t<div class=\"elementor-widget-wrap\">\n\t\t\t\t\t\t\t<\/div>\n\t\t<\/div>\n\t\t\t\t\t<\/div>\n\t\t<\/section>\n\t\t\t\t<section class=\"elementor-section elementor-top-section elementor-element elementor-element-32b6c359 elementor-section-boxed elementor-section-height-default elementor-section-height-default\" data-id=\"32b6c359\" data-element_type=\"section\" data-e-type=\"section\">\n\t\t\t\t\t\t<div class=\"elementor-container elementor-column-gap-default\">\n\t\t\t\t\t<div class=\"elementor-column elementor-col-100 elementor-top-column elementor-element elementor-element-4d8eea9b\" data-id=\"4d8eea9b\" data-element_type=\"column\" data-e-type=\"column\">\n\t\t\t<div class=\"elementor-widget-wrap elementor-element-populated\">\n\t\t\t\t\t\t<section class=\"elementor-section elementor-inner-section elementor-element elementor-element-68d9f6b8 elementor-section-boxed elementor-section-height-default elementor-section-height-default\" data-id=\"68d9f6b8\" data-element_type=\"section\" data-e-type=\"section\">\n\t\t\t\t\t\t<div class=\"elementor-container elementor-column-gap-no\">\n\t\t\t\t\t<div class=\"elementor-column elementor-col-33 elementor-inner-column elementor-element elementor-element-65c1659c\" data-id=\"65c1659c\" data-element_type=\"column\" data-e-type=\"column\">\n\t\t\t<div class=\"elementor-widget-wrap\">\n\t\t\t\t\t\t\t<\/div>\n\t\t<\/div>\n\t\t\t\t<div class=\"elementor-column elementor-col-66 elementor-inner-column elementor-element elementor-element-41e8e56c image-offset-top-left border-green\" data-id=\"41e8e56c\" data-element_type=\"column\" data-e-type=\"column\" data-settings=\"{&quot;background_background&quot;:&quot;classic&quot;}\">\n\t\t\t<div class=\"elementor-widget-wrap elementor-element-populated\">\n\t\t\t\t\t\t<div class=\"elementor-element elementor-element-759500c1 elementor-widget elementor-widget-spacer\" data-id=\"759500c1\" data-element_type=\"widget\" data-e-type=\"widget\" data-widget_type=\"spacer.default\">\n\t\t\t\t<div class=\"elementor-widget-container\">\n\t\t\t\t\t\t\t<div class=\"elementor-spacer\">\n\t\t\t<div class=\"elementor-spacer-inner\"><\/div>\n\t\t<\/div>\n\t\t\t\t\t\t<\/div>\n\t\t\t\t<\/div>\n\t\t\t\t\t<\/div>\n\t\t<\/div>\n\t\t\t\t\t<\/div>\n\t\t<\/section>\n\t\t\t\t<section class=\"elementor-section elementor-inner-section elementor-element elementor-element-10a6fecc elementor-section-boxed elementor-section-height-default elementor-section-height-default\" data-id=\"10a6fecc\" data-element_type=\"section\" data-e-type=\"section\">\n\t\t\t\t\t\t<div class=\"elementor-container elementor-column-gap-no\">\n\t\t\t\t\t<div class=\"elementor-column elementor-col-50 elementor-inner-column elementor-element elementor-element-6fd968d3\" data-id=\"6fd968d3\" data-element_type=\"column\" data-e-type=\"column\" data-settings=\"{&quot;background_background&quot;:&quot;classic&quot;}\">\n\t\t\t<div class=\"elementor-widget-wrap elementor-element-populated\">\n\t\t\t\t\t\t<div class=\"elementor-element elementor-element-15a8221f elementor-widget elementor-widget-heading\" data-id=\"15a8221f\" data-element_type=\"widget\" data-e-type=\"widget\" data-widget_type=\"heading.default\">\n\t\t\t\t<div class=\"elementor-widget-container\">\n\t\t\t\t\t<h1 class=\"elementor-heading-title elementor-size-default\">Massage par ventouses \u00e0 Leiden<\/h1>\t\t\t\t<\/div>\n\t\t\t\t<\/div>\n\t\t\t\t<div class=\"elementor-element elementor-element-42de07a1 elementor-widget elementor-widget-text-editor\" data-id=\"42de07a1\" data-element_type=\"widget\" data-e-type=\"widget\" data-widget_type=\"text-editor.default\">\n\t\t\t\t<div class=\"elementor-widget-container\">\n\t\t\t\t\t\t\t\t\t<div class=\"elementor-element elementor-element-e18d7b5 elementor-widget elementor-widget-text-editor\" data-id=\"e18d7b5\" data-element_type=\"widget\" data-widget_type=\"text-editor.default\"><div class=\"elementor-widget-container\">Le massage par ventouses \u00e0 Leyde est une technique de massage unique qui permet de rel\u00e2cher les adh\u00e9rences dans les muscles et de stimuler la circulation sanguine. \u00c0 l'adresse <a href=\"https:\/\/leidenspamassages.nl\/fr\/\">LeidenSpa<\/a> vous d\u00e9couvrirez comment la chaleur et les compresses permettent une relaxation profonde et une meilleure circulation de l'\u00e9nergie.<\/div><\/div>\t\t\t\t\t\t\t\t<\/div>\n\t\t\t\t<\/div>\n\t\t\t\t<div class=\"elementor-element elementor-element-2ded6677 elementor-button-success elementor-align-left elementor-widget__width-auto elementor-widget elementor-widget-button\" data-id=\"2ded6677\" data-element_type=\"widget\" data-e-type=\"widget\" data-widget_type=\"button.default\">\n\t\t\t\t<div class=\"elementor-widget-container\">\n\t\t\t\t\t\t\t\t\t<div class=\"elementor-button-wrapper\">\n\t\t\t\t\t<a class=\"elementor-button elementor-button-link elementor-size-xs\" href=\"https:\/\/leidenspamassages.nl\/fr\/massages\/\" target=\"_blank\">\n\t\t\t\t\t\t<span class=\"elementor-button-content-wrapper\">\n\t\t\t\t\t\t\t\t\t<span class=\"elementor-button-text\">Voir les massages<\/span>\n\t\t\t\t\t<\/span>\n\t\t\t\t\t<\/a>\n\t\t\t\t<\/div>\n\t\t\t\t\t\t\t\t<\/div>\n\t\t\t\t<\/div>\n\t\t\t\t\t<\/div>\n\t\t<\/div>\n\t\t\t\t<div class=\"elementor-column elementor-col-50 elementor-inner-column elementor-element elementor-element-370805bd elementor-hidden-tablet elementor-hidden-mobile\" data-id=\"370805bd\" data-element_type=\"column\" data-e-type=\"column\" data-settings=\"{&quot;background_background&quot;:&quot;classic&quot;}\">\n\t\t\t<div class=\"elementor-widget-wrap elementor-element-populated\">\n\t\t\t\t\t\t<div class=\"elementor-element elementor-element-3856f6c6 elementor-widget elementor-widget-spacer\" data-id=\"3856f6c6\" data-element_type=\"widget\" data-e-type=\"widget\" data-widget_type=\"spacer.default\">\n\t\t\t\t<div class=\"elementor-widget-container\">\n\t\t\t\t\t\t\t<div class=\"elementor-spacer\">\n\t\t\t<div class=\"elementor-spacer-inner\"><\/div>\n\t\t<\/div>\n\t\t\t\t\t\t<\/div>\n\t\t\t\t<\/div>\n\t\t\t\t\t<\/div>\n\t\t<\/div>\n\t\t\t\t<div class=\"elementor-column elementor-col-50 elementor-inner-column elementor-element elementor-element-1ce18744\" data-id=\"1ce18744\" data-element_type=\"column\" data-e-type=\"column\">\n\t\t\t<div class=\"elementor-widget-wrap\">\n\t\t\t\t\t\t\t<\/div>\n\t\t<\/div>\n\t\t\t\t\t<\/div>\n\t\t<\/section>\n\t\t\t\t\t<\/div>\n\t\t<\/div>\n\t\t\t\t\t<\/div>\n\t\t<\/section>\n\t\t\t\t<section class=\"elementor-section elementor-top-section elementor-element elementor-element-5cd9c07a elementor-section-boxed elementor-section-height-default elementor-section-height-default\" data-id=\"5cd9c07a\" data-element_type=\"section\" data-e-type=\"section\">\n\t\t\t\t\t\t<div class=\"elementor-container elementor-column-gap-default\">\n\t\t\t\t\t<div class=\"elementor-column elementor-col-100 elementor-top-column elementor-element elementor-element-14dd292a\" data-id=\"14dd292a\" data-element_type=\"column\" data-e-type=\"column\">\n\t\t\t<div class=\"elementor-widget-wrap elementor-element-populated\">\n\t\t\t\t\t\t<section class=\"elementor-section elementor-inner-section elementor-element elementor-element-af618e2 elementor-section-boxed elementor-section-height-default elementor-section-height-default\" data-id=\"af618e2\" data-element_type=\"section\" data-e-type=\"section\">\n\t\t\t\t\t\t<div class=\"elementor-container elementor-column-gap-no\">\n\t\t\t\t\t<div class=\"elementor-column elementor-col-50 elementor-inner-column elementor-element elementor-element-444cd66d\" data-id=\"444cd66d\" data-element_type=\"column\" data-e-type=\"column\">\n\t\t\t<div class=\"elementor-widget-wrap\">\n\t\t\t\t\t\t\t<\/div>\n\t\t<\/div>\n\t\t\t\t<div class=\"elementor-column elementor-col-50 elementor-inner-column elementor-element elementor-element-49d969b0\" data-id=\"49d969b0\" data-element_type=\"column\" data-e-type=\"column\" data-settings=\"{&quot;background_background&quot;:&quot;classic&quot;}\">\n\t\t\t<div class=\"elementor-widget-wrap elementor-element-populated\">\n\t\t\t\t\t\t<div class=\"elementor-element elementor-element-745896eb elementor-widget elementor-widget-heading\" data-id=\"745896eb\" data-element_type=\"widget\" data-e-type=\"widget\" data-widget_type=\"heading.default\">\n\t\t\t\t<div class=\"elementor-widget-container\">\n\t\t\t\t\t<h2 class=\"elementor-heading-title elementor-size-default\">Le pouvoir et les avantages de la th\u00e9rapie par ventouses<\/h2>\t\t\t\t<\/div>\n\t\t\t\t<\/div>\n\t\t\t\t<div class=\"elementor-element elementor-element-25e45e32 elementor-widget elementor-widget-text-editor\" data-id=\"25e45e32\" data-element_type=\"widget\" data-e-type=\"widget\" data-widget_type=\"text-editor.default\">\n\t\t\t\t<div class=\"elementor-widget-container\">\n\t\t\t\t\t\t\t\t\t<p>Les ventouses permettent non seulement de soulager les douleurs et les tensions musculaires, mais aussi de stimuler la production de collag\u00e8ne et de favoriser la r\u00e9paration des tissus. De nombreux clients constatent que leur corps est plus souple et que le stress et la fatigue diminuent. Pour ceux qui souhaitent b\u00e9n\u00e9ficier d'un massage plus traditionnel en plus de la technique de la ventouse, notre service de <a href=\"https:\/\/leidenspamassages.nl\/fr\/massage-du-tissu-conjonctif\/\">Massage de la cellulite et du tissu conjonctif<\/a> une excellente option.<\/p>\t\t\t\t\t\t\t\t<\/div>\n\t\t\t\t<\/div>\n\t\t\t\t\t<\/div>\n\t\t<\/div>\n\t\t\t\t\t<\/div>\n\t\t<\/section>\n\t\t\t\t<section class=\"elementor-section elementor-inner-section elementor-element elementor-element-47eae372 elementor-section-boxed elementor-section-height-default elementor-section-height-default\" data-id=\"47eae372\" data-element_type=\"section\" data-e-type=\"section\">\n\t\t\t\t\t\t<div class=\"elementor-container elementor-column-gap-default\">\n\t\t\t\t\t<div class=\"elementor-column elementor-col-33 elementor-inner-column elementor-element elementor-element-76857742 image-offset-bottom-right border-green\" data-id=\"76857742\" data-element_type=\"column\" data-e-type=\"column\" data-settings=\"{&quot;background_background&quot;:&quot;classic&quot;}\">\n\t\t\t<div class=\"elementor-widget-wrap elementor-element-populated\">\n\t\t\t\t\t\t<div class=\"elementor-element elementor-element-e599d22 elementor-widget elementor-widget-spacer\" data-id=\"e599d22\" data-element_type=\"widget\" data-e-type=\"widget\" data-widget_type=\"spacer.default\">\n\t\t\t\t<div class=\"elementor-widget-container\">\n\t\t\t\t\t\t\t<div class=\"elementor-spacer\">\n\t\t\t<div class=\"elementor-spacer-inner\"><\/div>\n\t\t<\/div>\n\t\t\t\t\t\t<\/div>\n\t\t\t\t<\/div>\n\t\t\t\t\t<\/div>\n\t\t<\/div>\n\t\t\t\t<div class=\"elementor-column elementor-col-66 elementor-inner-column elementor-element elementor-element-33ba7c97\" data-id=\"33ba7c97\" data-element_type=\"column\" data-e-type=\"column\">\n\t\t\t<div class=\"elementor-widget-wrap\">\n\t\t\t\t\t\t\t<\/div>\n\t\t<\/div>\n\t\t\t\t\t<\/div>\n\t\t<\/section>\n\t\t\t\t\t<\/div>\n\t\t<\/div>\n\t\t\t\t\t<\/div>\n\t\t<\/section>\n\t\t\t\t<section class=\"elementor-section elementor-top-section elementor-element elementor-element-168558d6 elementor-section-boxed elementor-section-height-default elementor-section-height-default\" data-id=\"168558d6\" data-element_type=\"section\" data-e-type=\"section\">\n\t\t\t\t\t\t<div class=\"elementor-container elementor-column-gap-default\">\n\t\t\t\t\t<div class=\"elementor-column elementor-col-100 elementor-top-column elementor-element elementor-element-4d2a5f96\" data-id=\"4d2a5f96\" data-element_type=\"column\" data-e-type=\"column\">\n\t\t\t<div class=\"elementor-widget-wrap\">\n\t\t\t\t\t\t\t<\/div>\n\t\t<\/div>\n\t\t\t\t\t<\/div>\n\t\t<\/section>\n\t\t\t\t<section class=\"elementor-section elementor-top-section elementor-element elementor-element-73cb5934 elementor-section-boxed elementor-section-height-default elementor-section-height-default\" data-id=\"73cb5934\" data-element_type=\"section\" data-e-type=\"section\">\n\t\t\t\t\t\t<div class=\"elementor-container elementor-column-gap-default\">\n\t\t\t\t\t<div class=\"elementor-column elementor-col-100 elementor-top-column elementor-element elementor-element-7913d006\" data-id=\"7913d006\" data-element_type=\"column\" data-e-type=\"column\">\n\t\t\t<div class=\"elementor-widget-wrap elementor-element-populated\">\n\t\t\t\t\t\t<section class=\"elementor-section elementor-inner-section elementor-element elementor-element-d4a23fc elementor-section-boxed elementor-section-height-default elementor-section-height-default\" data-id=\"d4a23fc\" data-element_type=\"section\" data-e-type=\"section\">\n\t\t\t\t\t\t<div class=\"elementor-container elementor-column-gap-no\">\n\t\t\t\t\t<div class=\"elementor-column elementor-col-33 elementor-inner-column elementor-element elementor-element-627bff73\" data-id=\"627bff73\" data-element_type=\"column\" data-e-type=\"column\">\n\t\t\t<div class=\"elementor-widget-wrap\">\n\t\t\t\t\t\t\t<\/div>\n\t\t<\/div>\n\t\t\t\t<div class=\"elementor-column elementor-col-66 elementor-inner-column elementor-element elementor-element-595088e4 image-offset-top-left border-brown\" data-id=\"595088e4\" data-element_type=\"column\" data-e-type=\"column\" data-settings=\"{&quot;background_background&quot;:&quot;classic&quot;}\">\n\t\t\t<div class=\"elementor-widget-wrap elementor-element-populated\">\n\t\t\t\t\t\t<div class=\"elementor-element elementor-element-410c5832 elementor-widget elementor-widget-spacer\" data-id=\"410c5832\" data-element_type=\"widget\" data-e-type=\"widget\" data-widget_type=\"spacer.default\">\n\t\t\t\t<div class=\"elementor-widget-container\">\n\t\t\t\t\t\t\t<div class=\"elementor-spacer\">\n\t\t\t<div class=\"elementor-spacer-inner\"><\/div>\n\t\t<\/div>\n\t\t\t\t\t\t<\/div>\n\t\t\t\t<\/div>\n\t\t\t\t\t<\/div>\n\t\t<\/div>\n\t\t\t\t\t<\/div>\n\t\t<\/section>\n\t\t\t\t<section class=\"elementor-section elementor-inner-section elementor-element elementor-element-39485956 elementor-section-boxed elementor-section-height-default elementor-section-height-default\" data-id=\"39485956\" data-element_type=\"section\" data-e-type=\"section\">\n\t\t\t\t\t\t<div class=\"elementor-container elementor-column-gap-no\">\n\t\t\t\t\t<div class=\"elementor-column elementor-col-50 elementor-inner-column elementor-element elementor-element-8dfc38b\" data-id=\"8dfc38b\" data-element_type=\"column\" data-e-type=\"column\" data-settings=\"{&quot;background_background&quot;:&quot;classic&quot;}\">\n\t\t\t<div class=\"elementor-widget-wrap elementor-element-populated\">\n\t\t\t\t\t\t<div class=\"elementor-element elementor-element-60da3434 elementor-widget elementor-widget-heading\" data-id=\"60da3434\" data-element_type=\"widget\" data-e-type=\"widget\" data-widget_type=\"heading.default\">\n\t\t\t\t<div class=\"elementor-widget-container\">\n\t\t\t\t\t<h2 class=\"elementor-heading-title elementor-size-default\">D\u00e9roulement d'une s\u00e9ance de cupping \u00e0 LeidenSpa<\/h2>\t\t\t\t<\/div>\n\t\t\t\t<\/div>\n\t\t\t\t<div class=\"elementor-element elementor-element-68bd7d5f elementor-widget elementor-widget-text-editor\" data-id=\"68bd7d5f\" data-element_type=\"widget\" data-e-type=\"widget\" data-widget_type=\"text-editor.default\">\n\t\t\t\t<div class=\"elementor-widget-container\">\n\t\t\t\t\t\t\t\t\t<p>\u00c0 LeidenSpa, chaque massage par ventouses est adapt\u00e9 \u00e0 votre corps et \u00e0 vos besoins sp\u00e9cifiques. Nos masseurs exp\u00e9riment\u00e9s placent des ventouses \u00e0 des endroits strat\u00e9giques et les combinent avec de la chaleur et des mouvements de massage, ce qui permet \u00e0 votre corps de se d\u00e9tendre pleinement. Pour ceux qui pr\u00e9f\u00e8rent une exp\u00e9rience en duo, vous pouvez \u00e9galement opter pour un <a href=\"https:\/\/leidenspamassages.nl\/fr\/massage-en-duo\/\">Massage en duo<\/a>Les enfants peuvent ainsi se d\u00e9tendre ensemble dans un m\u00eame espace.<\/p>\t\t\t\t\t\t\t\t<\/div>\n\t\t\t\t<\/div>\n\t\t\t\t<div class=\"elementor-element elementor-element-1c7bb61 elementor-button-success elementor-align-left elementor-widget__width-auto elementor-widget elementor-widget-button\" data-id=\"1c7bb61\" data-element_type=\"widget\" data-e-type=\"widget\" data-widget_type=\"button.default\">\n\t\t\t\t<div class=\"elementor-widget-container\">\n\t\t\t\t\t\t\t\t\t<div class=\"elementor-button-wrapper\">\n\t\t\t\t\t<a class=\"elementor-button elementor-button-link elementor-size-xs\" href=\"https:\/\/leidenspamassages.nl\/fr\/boeknu\/\" target=\"_blank\">\n\t\t\t\t\t\t<span class=\"elementor-button-content-wrapper\">\n\t\t\t\t\t\t\t\t\t<span class=\"elementor-button-text\">R\u00e9servez d\u00e8s maintenant<\/span>\n\t\t\t\t\t<\/span>\n\t\t\t\t\t<\/a>\n\t\t\t\t<\/div>\n\t\t\t\t\t\t\t\t<\/div>\n\t\t\t\t<\/div>\n\t\t\t\t\t<\/div>\n\t\t<\/div>\n\t\t\t\t<div class=\"elementor-column elementor-col-50 elementor-inner-column elementor-element elementor-element-3727b67c elementor-hidden-tablet elementor-hidden-mobile\" data-id=\"3727b67c\" data-element_type=\"column\" data-e-type=\"column\" data-settings=\"{&quot;background_background&quot;:&quot;classic&quot;}\">\n\t\t\t<div class=\"elementor-widget-wrap elementor-element-populated\">\n\t\t\t\t\t\t<div class=\"elementor-element elementor-element-103b1578 elementor-widget elementor-widget-spacer\" data-id=\"103b1578\" data-element_type=\"widget\" data-e-type=\"widget\" data-widget_type=\"spacer.default\">\n\t\t\t\t<div class=\"elementor-widget-container\">\n\t\t\t\t\t\t\t<div class=\"elementor-spacer\">\n\t\t\t<div class=\"elementor-spacer-inner\"><\/div>\n\t\t<\/div>\n\t\t\t\t\t\t<\/div>\n\t\t\t\t<\/div>\n\t\t\t\t\t<\/div>\n\t\t<\/div>\n\t\t\t\t<div class=\"elementor-column elementor-col-50 elementor-inner-column elementor-element elementor-element-430f4280\" data-id=\"430f4280\" data-element_type=\"column\" data-e-type=\"column\">\n\t\t\t<div class=\"elementor-widget-wrap\">\n\t\t\t\t\t\t\t<\/div>\n\t\t<\/div>\n\t\t\t\t\t<\/div>\n\t\t<\/section>\n\t\t\t\t\t<\/div>\n\t\t<\/div>\n\t\t\t\t\t<\/div>\n\t\t<\/section>\n\t\t\t\t<\/div>","protected":false},"excerpt":{"rendered":"<p>Cupping massage Leiden Een Cupping massage Leiden is een unieke massagetechniek die verklevingen in spieren losmaakt en de doorbloeding stimuleert. Bij LeidenSpa ervaar je hoe warmte en cups samen zorgen voor diepe ontspanning en een verbeterde energiecirculatie. Bekijk massages De kracht en voordelen van cupping therapie Cupping helpt niet alleen bij het verlichten van spierpijn [&hellip;]<\/p>\n","protected":false},"author":1,"featured_media":0,"parent":0,"menu_order":0,"comment_status":"closed","ping_status":"closed","template":"","meta":{"_acf_changed":false,"footnotes":""},"class_list":["post-7396","page","type-page","status-publish","hentry"],"acf":[],"yoast_head":"<!-- This site is optimized with the Yoast SEO plugin v27.4 - https:\/\/yoast.com\/product\/yoast-seo-wordpress\/ -->\n<title>Cupping massage Leiden - Leiden Spa Massages &amp; Rituals<\/title>\n<meta name=\"robots\" content=\"index, follow, max-snippet:-1, max-image-preview:large, max-video-preview:-1\" \/>\n<link rel=\"canonical\" href=\"https:\/\/leidenspamassages.nl\/fr\/massage-cupping-leiden\/\" \/>\n<meta property=\"og:locale\" content=\"fr_FR\" \/>\n<meta property=\"og:type\" content=\"article\" \/>\n<meta property=\"og:title\" content=\"Cupping massage Leiden - Leiden Spa Massages &amp; Rituals\" \/>\n<meta property=\"og:description\" content=\"Cupping massage Leiden Een Cupping massage Leiden is een unieke massagetechniek die verklevingen in spieren losmaakt en de doorbloeding stimuleert. Bij LeidenSpa ervaar je hoe warmte en cups samen zorgen voor diepe ontspanning en een verbeterde energiecirculatie. Bekijk massages De kracht en voordelen van cupping therapie Cupping helpt niet alleen bij het verlichten van spierpijn [&hellip;]\" \/>\n<meta property=\"og:url\" content=\"https:\/\/leidenspamassages.nl\/fr\/massage-cupping-leiden\/\" \/>\n<meta property=\"og:site_name\" content=\"Leiden Spa Massages &amp; Rituals\" \/>\n<meta property=\"article:modified_time\" content=\"2025-09-29T08:14:27+00:00\" \/>\n<meta name=\"twitter:card\" content=\"summary_large_image\" \/>\n<meta name=\"twitter:label1\" content=\"Dur\u00e9e de lecture estim\u00e9e\" \/>\n\t<meta name=\"twitter:data1\" content=\"1 minute\" \/>\n<script type=\"application\/ld+json\" class=\"yoast-schema-graph\">{\"@context\":\"https:\\\/\\\/schema.org\",\"@graph\":[{\"@type\":\"WebPage\",\"@id\":\"https:\\\/\\\/leidenspamassages.nl\\\/cupping-massage-leiden\\\/\",\"url\":\"https:\\\/\\\/leidenspamassages.nl\\\/cupping-massage-leiden\\\/\",\"name\":\"Cupping massage Leiden - Leiden Spa Massages &amp; Rituals\",\"isPartOf\":{\"@id\":\"https:\\\/\\\/leidenspamassages.nl\\\/#website\"},\"datePublished\":\"2025-09-26T13:49:11+00:00\",\"dateModified\":\"2025-09-29T08:14:27+00:00\",\"inLanguage\":\"fr-FR\",\"potentialAction\":[{\"@type\":\"ReadAction\",\"target\":[\"https:\\\/\\\/leidenspamassages.nl\\\/cupping-massage-leiden\\\/\"]}]},{\"@type\":\"WebSite\",\"@id\":\"https:\\\/\\\/leidenspamassages.nl\\\/#website\",\"url\":\"https:\\\/\\\/leidenspamassages.nl\\\/\",\"name\":\"Leiden Spa Massages &amp; Rituals\",\"description\":\"\",\"publisher\":{\"@id\":\"https:\\\/\\\/leidenspamassages.nl\\\/#organization\"},\"potentialAction\":[{\"@type\":\"SearchAction\",\"target\":{\"@type\":\"EntryPoint\",\"urlTemplate\":\"https:\\\/\\\/leidenspamassages.nl\\\/?s={search_term_string}\"},\"query-input\":{\"@type\":\"PropertyValueSpecification\",\"valueRequired\":true,\"valueName\":\"search_term_string\"}}],\"inLanguage\":\"fr-FR\"},{\"@type\":\"Organization\",\"@id\":\"https:\\\/\\\/leidenspamassages.nl\\\/#organization\",\"name\":\"Leiden Spa Massages &amp; Rituals\",\"url\":\"https:\\\/\\\/leidenspamassages.nl\\\/\",\"logo\":{\"@type\":\"ImageObject\",\"inLanguage\":\"fr-FR\",\"@id\":\"https:\\\/\\\/leidenspamassages.nl\\\/#\\\/schema\\\/logo\\\/image\\\/\",\"url\":\"https:\\\/\\\/leidenspamassages.nl\\\/wp-content\\\/uploads\\\/sites\\\/3\\\/2022\\\/12\\\/Leiden_Spa_Massage_en_Rituals-logo.png\",\"contentUrl\":\"https:\\\/\\\/leidenspamassages.nl\\\/wp-content\\\/uploads\\\/sites\\\/3\\\/2022\\\/12\\\/Leiden_Spa_Massage_en_Rituals-logo.png\",\"width\":1000,\"height\":502,\"caption\":\"Leiden Spa Massages &amp; Rituals\"},\"image\":{\"@id\":\"https:\\\/\\\/leidenspamassages.nl\\\/#\\\/schema\\\/logo\\\/image\\\/\"}}]}<\/script>\n<!-- \/ Yoast SEO plugin. -->","yoast_head_json":{"title":"Massage par ventouses Leiden - Leiden Spa Massages &amp; Rituals","robots":{"index":"index","follow":"follow","max-snippet":"max-snippet:-1","max-image-preview":"max-image-preview:large","max-video-preview":"max-video-preview:-1"},"canonical":"https:\/\/leidenspamassages.nl\/fr\/massage-cupping-leiden\/","og_locale":"fr_FR","og_type":"article","og_title":"Cupping massage Leiden - Leiden Spa Massages &amp; Rituals","og_description":"Cupping massage Leiden Een Cupping massage Leiden is een unieke massagetechniek die verklevingen in spieren losmaakt en de doorbloeding stimuleert. Bij LeidenSpa ervaar je hoe warmte en cups samen zorgen voor diepe ontspanning en een verbeterde energiecirculatie. Bekijk massages De kracht en voordelen van cupping therapie Cupping helpt niet alleen bij het verlichten van spierpijn [&hellip;]","og_url":"https:\/\/leidenspamassages.nl\/fr\/massage-cupping-leiden\/","og_site_name":"Leiden Spa Massages &amp; Rituals","article_modified_time":"2025-09-29T08:14:27+00:00","twitter_card":"summary_large_image","twitter_misc":{"Dur\u00e9e de lecture estim\u00e9e":"1 minute"},"schema":{"@context":"https:\/\/schema.org","@graph":[{"@type":"WebPage","@id":"https:\/\/leidenspamassages.nl\/cupping-massage-leiden\/","url":"https:\/\/leidenspamassages.nl\/cupping-massage-leiden\/","name":"Massage par ventouses Leiden - Leiden Spa Massages &amp; Rituals","isPartOf":{"@id":"https:\/\/leidenspamassages.nl\/#website"},"datePublished":"2025-09-26T13:49:11+00:00","dateModified":"2025-09-29T08:14:27+00:00","inLanguage":"fr-FR","potentialAction":[{"@type":"ReadAction","target":["https:\/\/leidenspamassages.nl\/cupping-massage-leiden\/"]}]},{"@type":"WebSite","@id":"https:\/\/leidenspamassages.nl\/#website","url":"https:\/\/leidenspamassages.nl\/","name":"Leiden Spa Massages &amp; Rituals","description":"","publisher":{"@id":"https:\/\/leidenspamassages.nl\/#organization"},"potentialAction":[{"@type":"SearchAction","target":{"@type":"EntryPoint","urlTemplate":"https:\/\/leidenspamassages.nl\/?s={search_term_string}"},"query-input":{"@type":"PropertyValueSpecification","valueRequired":true,"valueName":"search_term_string"}}],"inLanguage":"fr-FR"},{"@type":"Organization","@id":"https:\/\/leidenspamassages.nl\/#organization","name":"Leiden Spa Massages &amp; Rituals","url":"https:\/\/leidenspamassages.nl\/","logo":{"@type":"ImageObject","inLanguage":"fr-FR","@id":"https:\/\/leidenspamassages.nl\/#\/schema\/logo\/image\/","url":"https:\/\/leidenspamassages.nl\/wp-content\/uploads\/sites\/3\/2022\/12\/Leiden_Spa_Massage_en_Rituals-logo.png","contentUrl":"https:\/\/leidenspamassages.nl\/wp-content\/uploads\/sites\/3\/2022\/12\/Leiden_Spa_Massage_en_Rituals-logo.png","width":1000,"height":502,"caption":"Leiden Spa Massages &amp; Rituals"},"image":{"@id":"https:\/\/leidenspamassages.nl\/#\/schema\/logo\/image\/"}}]}},"_links":{"self":[{"href":"https:\/\/leidenspamassages.nl\/fr\/wp-json\/wp\/v2\/pages\/7396","targetHints":{"allow":["GET"]}}],"collection":[{"href":"https:\/\/leidenspamassages.nl\/fr\/wp-json\/wp\/v2\/pages"}],"about":[{"href":"https:\/\/leidenspamassages.nl\/fr\/wp-json\/wp\/v2\/types\/page"}],"author":[{"embeddable":true,"href":"https:\/\/leidenspamassages.nl\/fr\/wp-json\/wp\/v2\/users\/1"}],"replies":[{"embeddable":true,"href":"https:\/\/leidenspamassages.nl\/fr\/wp-json\/wp\/v2\/comments?post=7396"}],"version-history":[{"count":16,"href":"https:\/\/leidenspamassages.nl\/fr\/wp-json\/wp\/v2\/pages\/7396\/revisions"}],"predecessor-version":[{"id":7466,"href":"https:\/\/leidenspamassages.nl\/fr\/wp-json\/wp\/v2\/pages\/7396\/revisions\/7466"}],"wp:attachment":[{"href":"https:\/\/leidenspamassages.nl\/fr\/wp-json\/wp\/v2\/media?parent=7396"}],"curies":[{"name":"wp","href":"https:\/\/api.w.org\/{rel}","templated":true}]}}