{"id":1004,"date":"2023-05-10T13:24:54","date_gmt":"2023-05-10T13:24:54","guid":{"rendered":"https:\/\/leidenspamassages.nl\/?post_type=product&#038;p=1004"},"modified":"2026-01-06T14:04:17","modified_gmt":"2026-01-06T13:04:17","slug":"papieren-cadeaubon","status":"publish","type":"product","link":"https:\/\/leidenspamassages.nl\/fr\/produit\/cheque-cadeau-en-papier\/","title":{"rendered":"Ch\u00e8que-cadeau en papier"},"content":{"rendered":"","protected":false},"excerpt":{"rendered":"<p><strong>Chouchouter ou surprendre quelqu'un ?<\/strong><br \/>\nLe ch\u00e8que-cadeau de Spa Massages &amp; Rituals est le cadeau id\u00e9al.<br \/>\nLe ch\u00e8que-cadeau est utilisable \u00e0 la fois au si\u00e8ge de Leiden et au si\u00e8ge de Oegstgeest.<\/p>\n<p><i>La validit\u00e9 du ch\u00e8que-cadeau expire un an apr\u00e8s la date d'achat.<\/i><\/p>\n<p><em>Commandez ici le ch\u00e8que-cadeau en papier, envoy\u00e9 par postNL, livr\u00e9 en 1 \u00e0 2 jours.<\/em><\/p>\n<p><em>D\u00e9lai de livraison 4 jours, recevez plus rapidement ? <a href=\"https:\/\/leidenspamassages.nl\/fr\/produit\/cheque-cadeau-numerique\/\">Commandez un ch\u00e8que-cadeau num\u00e9rique.<\/a><\/em><\/p>","protected":false},"featured_media":1005,"template":"","meta":{"_acf_changed":false},"product_brand":[],"product_cat":[17],"product_tag":[],"giftcard-category":[],"class_list":{"0":"post-1004","1":"product","2":"type-product","3":"status-publish","4":"has-post-thumbnail","6":"product_cat-geen-categorie","8":"first","9":"instock","10":"shipping-taxable","11":"purchasable","12":"product-type-gift-card"},"acf":[],"yoast_head":"<!-- This site is optimized with the Yoast SEO plugin v27.4 - https:\/\/yoast.com\/product\/yoast-seo-wordpress\/ -->\n<title>Papieren Cadeaubon - Leiden Spa Massages &amp; Rituals<\/title>\n<meta name=\"robots\" content=\"index, follow, max-snippet:-1, max-image-preview:large, max-video-preview:-1\" \/>\n<link rel=\"canonical\" href=\"https:\/\/leidenspamassages.nl\/fr\/\u03c0\u03c1\u03bf\u03ca\u03cc\u03bd\/\u03c7\u03ac\u03c1\u03c4\u03b9\u03bd\u03b7-\u03b4\u03c9\u03c1\u03bf\u03b5\u03c0\u03b9\u03c4\u03b1\u03b3\u03ae\/\" \/>\n<meta property=\"og:locale\" content=\"fr_FR\" \/>\n<meta property=\"og:type\" content=\"article\" \/>\n<meta property=\"og:title\" content=\"Papieren Cadeaubon - Leiden Spa Massages &amp; Rituals\" \/>\n<meta property=\"og:description\" content=\"Iemand verwennen of verrassen? De cadeaubon van Spa Massages &amp; Rituals is het ideale cadeau. De cadeaubon is inwisselbaar bij locatie Leiden \u00e9n locatie Oegstgeest.  De geldigheid van de cadeaubon verloopt \u00e9\u00e9n jaar na de aankoopdatum.  Bestel hier de papieren cadeaubon, verstuurd met postNL, in 1 \u00e0 2 dagen bezorgd.  Levertijd 4 dagen, sneller ontvangen? Bestel een digitale cadeaubon.\" \/>\n<meta property=\"og:url\" content=\"https:\/\/leidenspamassages.nl\/fr\/\u03c0\u03c1\u03bf\u03ca\u03cc\u03bd\/\u03c7\u03ac\u03c1\u03c4\u03b9\u03bd\u03b7-\u03b4\u03c9\u03c1\u03bf\u03b5\u03c0\u03b9\u03c4\u03b1\u03b3\u03ae\/\" \/>\n<meta property=\"og:site_name\" content=\"Leiden Spa Massages &amp; Rituals\" \/>\n<meta property=\"article:modified_time\" content=\"2026-01-06T13:04:17+00:00\" \/>\n<meta property=\"og:image\" content=\"https:\/\/leidenspamassages.nl\/wp-content\/uploads\/sites\/3\/2023\/05\/Spa-Massages-en-Rituals-papieren-cadeaubon.jpg\" \/>\n\t<meta property=\"og:image:width\" content=\"1000\" \/>\n\t<meta property=\"og:image:height\" content=\"1000\" \/>\n\t<meta property=\"og:image:type\" content=\"image\/jpeg\" \/>\n<meta name=\"twitter:card\" content=\"summary_large_image\" \/>\n<meta name=\"twitter:label1\" content=\"Dur\u00e9e de lecture estim\u00e9e\" \/>\n\t<meta name=\"twitter:data1\" content=\"1 minute\" \/>\n<script type=\"application\/ld+json\" class=\"yoast-schema-graph\">{\"@context\":\"https:\\\/\\\/schema.org\",\"@graph\":[{\"@type\":\"WebPage\",\"@id\":\"https:\\\/\\\/leidenspamassages.nl\\\/el\\\/\u03c0\u03c1\u03bf\u03ca\u03cc\u03bd\\\/\u03c7\u03ac\u03c1\u03c4\u03b9\u03bd\u03b7-\u03b4\u03c9\u03c1\u03bf\u03b5\u03c0\u03b9\u03c4\u03b1\u03b3\u03ae\\\/\",\"url\":\"https:\\\/\\\/leidenspamassages.nl\\\/el\\\/\u03c0\u03c1\u03bf\u03ca\u03cc\u03bd\\\/\u03c7\u03ac\u03c1\u03c4\u03b9\u03bd\u03b7-\u03b4\u03c9\u03c1\u03bf\u03b5\u03c0\u03b9\u03c4\u03b1\u03b3\u03ae\\\/\",\"name\":\"Papieren Cadeaubon - Leiden Spa Massages &amp; Rituals\",\"isPartOf\":{\"@id\":\"https:\\\/\\\/leidenspamassages.nl\\\/#website\"},\"primaryImageOfPage\":{\"@id\":\"https:\\\/\\\/leidenspamassages.nl\\\/el\\\/\u03c0\u03c1\u03bf\u03ca\u03cc\u03bd\\\/\u03c7\u03ac\u03c1\u03c4\u03b9\u03bd\u03b7-\u03b4\u03c9\u03c1\u03bf\u03b5\u03c0\u03b9\u03c4\u03b1\u03b3\u03ae\\\/#primaryimage\"},\"image\":{\"@id\":\"https:\\\/\\\/leidenspamassages.nl\\\/el\\\/\u03c0\u03c1\u03bf\u03ca\u03cc\u03bd\\\/\u03c7\u03ac\u03c1\u03c4\u03b9\u03bd\u03b7-\u03b4\u03c9\u03c1\u03bf\u03b5\u03c0\u03b9\u03c4\u03b1\u03b3\u03ae\\\/#primaryimage\"},\"thumbnailUrl\":\"https:\\\/\\\/leidenspamassages.nl\\\/wp-content\\\/uploads\\\/sites\\\/3\\\/2023\\\/05\\\/Spa-Massages-en-Rituals-papieren-cadeaubon.jpg\",\"datePublished\":\"2023-05-10T13:24:54+00:00\",\"dateModified\":\"2026-01-06T13:04:17+00:00\",\"breadcrumb\":{\"@id\":\"https:\\\/\\\/leidenspamassages.nl\\\/el\\\/\u03c0\u03c1\u03bf\u03ca\u03cc\u03bd\\\/\u03c7\u03ac\u03c1\u03c4\u03b9\u03bd\u03b7-\u03b4\u03c9\u03c1\u03bf\u03b5\u03c0\u03b9\u03c4\u03b1\u03b3\u03ae\\\/#breadcrumb\"},\"inLanguage\":\"fr-FR\",\"potentialAction\":[{\"@type\":\"ReadAction\",\"target\":[\"https:\\\/\\\/leidenspamassages.nl\\\/el\\\/\u03c0\u03c1\u03bf\u03ca\u03cc\u03bd\\\/\u03c7\u03ac\u03c1\u03c4\u03b9\u03bd\u03b7-\u03b4\u03c9\u03c1\u03bf\u03b5\u03c0\u03b9\u03c4\u03b1\u03b3\u03ae\\\/\"]}]},{\"@type\":\"ImageObject\",\"inLanguage\":\"fr-FR\",\"@id\":\"https:\\\/\\\/leidenspamassages.nl\\\/el\\\/\u03c0\u03c1\u03bf\u03ca\u03cc\u03bd\\\/\u03c7\u03ac\u03c1\u03c4\u03b9\u03bd\u03b7-\u03b4\u03c9\u03c1\u03bf\u03b5\u03c0\u03b9\u03c4\u03b1\u03b3\u03ae\\\/#primaryimage\",\"url\":\"https:\\\/\\\/leidenspamassages.nl\\\/wp-content\\\/uploads\\\/sites\\\/3\\\/2023\\\/05\\\/Spa-Massages-en-Rituals-papieren-cadeaubon.jpg\",\"contentUrl\":\"https:\\\/\\\/leidenspamassages.nl\\\/wp-content\\\/uploads\\\/sites\\\/3\\\/2023\\\/05\\\/Spa-Massages-en-Rituals-papieren-cadeaubon.jpg\",\"width\":1000,\"height\":1000},{\"@type\":\"BreadcrumbList\",\"@id\":\"https:\\\/\\\/leidenspamassages.nl\\\/el\\\/\u03c0\u03c1\u03bf\u03ca\u03cc\u03bd\\\/\u03c7\u03ac\u03c1\u03c4\u03b9\u03bd\u03b7-\u03b4\u03c9\u03c1\u03bf\u03b5\u03c0\u03b9\u03c4\u03b1\u03b3\u03ae\\\/#breadcrumb\",\"itemListElement\":[{\"@type\":\"ListItem\",\"position\":1,\"name\":\"Winkel\",\"item\":\"https:\\\/\\\/leidenspamassages.nl\\\/fr\\\/winkel\\\/\"},{\"@type\":\"ListItem\",\"position\":2,\"name\":\"Papieren Cadeaubon\"}]},{\"@type\":\"WebSite\",\"@id\":\"https:\\\/\\\/leidenspamassages.nl\\\/#website\",\"url\":\"https:\\\/\\\/leidenspamassages.nl\\\/\",\"name\":\"Leiden Spa Massages &amp; Rituals\",\"description\":\"\",\"publisher\":{\"@id\":\"https:\\\/\\\/leidenspamassages.nl\\\/#organization\"},\"potentialAction\":[{\"@type\":\"SearchAction\",\"target\":{\"@type\":\"EntryPoint\",\"urlTemplate\":\"https:\\\/\\\/leidenspamassages.nl\\\/?s={search_term_string}\"},\"query-input\":{\"@type\":\"PropertyValueSpecification\",\"valueRequired\":true,\"valueName\":\"search_term_string\"}}],\"inLanguage\":\"fr-FR\"},{\"@type\":\"Organization\",\"@id\":\"https:\\\/\\\/leidenspamassages.nl\\\/#organization\",\"name\":\"Leiden Spa Massages &amp; Rituals\",\"url\":\"https:\\\/\\\/leidenspamassages.nl\\\/\",\"logo\":{\"@type\":\"ImageObject\",\"inLanguage\":\"fr-FR\",\"@id\":\"https:\\\/\\\/leidenspamassages.nl\\\/#\\\/schema\\\/logo\\\/image\\\/\",\"url\":\"https:\\\/\\\/leidenspamassages.nl\\\/wp-content\\\/uploads\\\/sites\\\/3\\\/2022\\\/12\\\/Leiden_Spa_Massage_en_Rituals-logo.png\",\"contentUrl\":\"https:\\\/\\\/leidenspamassages.nl\\\/wp-content\\\/uploads\\\/sites\\\/3\\\/2022\\\/12\\\/Leiden_Spa_Massage_en_Rituals-logo.png\",\"width\":1000,\"height\":502,\"caption\":\"Leiden Spa Massages &amp; Rituals\"},\"image\":{\"@id\":\"https:\\\/\\\/leidenspamassages.nl\\\/#\\\/schema\\\/logo\\\/image\\\/\"}}]}<\/script>\n<!-- \/ Yoast SEO plugin. -->","yoast_head_json":{"title":"Ch\u00e8que-cadeau en papier - Leiden Spa Massages &amp; Rituals","robots":{"index":"index","follow":"follow","max-snippet":"max-snippet:-1","max-image-preview":"max-image-preview:large","max-video-preview":"max-video-preview:-1"},"canonical":"https:\/\/leidenspamassages.nl\/fr\/\u03c0\u03c1\u03bf\u03ca\u03cc\u03bd\/\u03c7\u03ac\u03c1\u03c4\u03b9\u03bd\u03b7-\u03b4\u03c9\u03c1\u03bf\u03b5\u03c0\u03b9\u03c4\u03b1\u03b3\u03ae\/","og_locale":"fr_FR","og_type":"article","og_title":"Papieren Cadeaubon - Leiden Spa Massages &amp; Rituals","og_description":"Iemand verwennen of verrassen? De cadeaubon van Spa Massages &amp; Rituals is het ideale cadeau. De cadeaubon is inwisselbaar bij locatie Leiden \u00e9n locatie Oegstgeest.  De geldigheid van de cadeaubon verloopt \u00e9\u00e9n jaar na de aankoopdatum.  Bestel hier de papieren cadeaubon, verstuurd met postNL, in 1 \u00e0 2 dagen bezorgd.  Levertijd 4 dagen, sneller ontvangen? Bestel een digitale cadeaubon.","og_url":"https:\/\/leidenspamassages.nl\/fr\/\u03c0\u03c1\u03bf\u03ca\u03cc\u03bd\/\u03c7\u03ac\u03c1\u03c4\u03b9\u03bd\u03b7-\u03b4\u03c9\u03c1\u03bf\u03b5\u03c0\u03b9\u03c4\u03b1\u03b3\u03ae\/","og_site_name":"Leiden Spa Massages &amp; Rituals","article_modified_time":"2026-01-06T13:04:17+00:00","og_image":[{"width":1000,"height":1000,"url":"https:\/\/leidenspamassages.nl\/wp-content\/uploads\/sites\/3\/2023\/05\/Spa-Massages-en-Rituals-papieren-cadeaubon.jpg","type":"image\/jpeg"}],"twitter_card":"summary_large_image","twitter_misc":{"Dur\u00e9e de lecture estim\u00e9e":"1 minute"},"schema":{"@context":"https:\/\/schema.org","@graph":[{"@type":"WebPage","@id":"https:\/\/leidenspamassages.nl\/el\/\u03c0\u03c1\u03bf\u03ca\u03cc\u03bd\/\u03c7\u03ac\u03c1\u03c4\u03b9\u03bd\u03b7-\u03b4\u03c9\u03c1\u03bf\u03b5\u03c0\u03b9\u03c4\u03b1\u03b3\u03ae\/","url":"https:\/\/leidenspamassages.nl\/el\/\u03c0\u03c1\u03bf\u03ca\u03cc\u03bd\/\u03c7\u03ac\u03c1\u03c4\u03b9\u03bd\u03b7-\u03b4\u03c9\u03c1\u03bf\u03b5\u03c0\u03b9\u03c4\u03b1\u03b3\u03ae\/","name":"Ch\u00e8que-cadeau en papier - Leiden Spa Massages &amp; Rituals","isPartOf":{"@id":"https:\/\/leidenspamassages.nl\/#website"},"primaryImageOfPage":{"@id":"https:\/\/leidenspamassages.nl\/el\/\u03c0\u03c1\u03bf\u03ca\u03cc\u03bd\/\u03c7\u03ac\u03c1\u03c4\u03b9\u03bd\u03b7-\u03b4\u03c9\u03c1\u03bf\u03b5\u03c0\u03b9\u03c4\u03b1\u03b3\u03ae\/#primaryimage"},"image":{"@id":"https:\/\/leidenspamassages.nl\/el\/\u03c0\u03c1\u03bf\u03ca\u03cc\u03bd\/\u03c7\u03ac\u03c1\u03c4\u03b9\u03bd\u03b7-\u03b4\u03c9\u03c1\u03bf\u03b5\u03c0\u03b9\u03c4\u03b1\u03b3\u03ae\/#primaryimage"},"thumbnailUrl":"https:\/\/leidenspamassages.nl\/wp-content\/uploads\/sites\/3\/2023\/05\/Spa-Massages-en-Rituals-papieren-cadeaubon.jpg","datePublished":"2023-05-10T13:24:54+00:00","dateModified":"2026-01-06T13:04:17+00:00","breadcrumb":{"@id":"https:\/\/leidenspamassages.nl\/el\/\u03c0\u03c1\u03bf\u03ca\u03cc\u03bd\/\u03c7\u03ac\u03c1\u03c4\u03b9\u03bd\u03b7-\u03b4\u03c9\u03c1\u03bf\u03b5\u03c0\u03b9\u03c4\u03b1\u03b3\u03ae\/#breadcrumb"},"inLanguage":"fr-FR","potentialAction":[{"@type":"ReadAction","target":["https:\/\/leidenspamassages.nl\/el\/\u03c0\u03c1\u03bf\u03ca\u03cc\u03bd\/\u03c7\u03ac\u03c1\u03c4\u03b9\u03bd\u03b7-\u03b4\u03c9\u03c1\u03bf\u03b5\u03c0\u03b9\u03c4\u03b1\u03b3\u03ae\/"]}]},{"@type":"ImageObject","inLanguage":"fr-FR","@id":"https:\/\/leidenspamassages.nl\/el\/\u03c0\u03c1\u03bf\u03ca\u03cc\u03bd\/\u03c7\u03ac\u03c1\u03c4\u03b9\u03bd\u03b7-\u03b4\u03c9\u03c1\u03bf\u03b5\u03c0\u03b9\u03c4\u03b1\u03b3\u03ae\/#primaryimage","url":"https:\/\/leidenspamassages.nl\/wp-content\/uploads\/sites\/3\/2023\/05\/Spa-Massages-en-Rituals-papieren-cadeaubon.jpg","contentUrl":"https:\/\/leidenspamassages.nl\/wp-content\/uploads\/sites\/3\/2023\/05\/Spa-Massages-en-Rituals-papieren-cadeaubon.jpg","width":1000,"height":1000},{"@type":"BreadcrumbList","@id":"https:\/\/leidenspamassages.nl\/el\/\u03c0\u03c1\u03bf\u03ca\u03cc\u03bd\/\u03c7\u03ac\u03c1\u03c4\u03b9\u03bd\u03b7-\u03b4\u03c9\u03c1\u03bf\u03b5\u03c0\u03b9\u03c4\u03b1\u03b3\u03ae\/#breadcrumb","itemListElement":[{"@type":"ListItem","position":1,"name":"Winkel","item":"https:\/\/leidenspamassages.nl\/fr\/winkel\/"},{"@type":"ListItem","position":2,"name":"Papieren Cadeaubon"}]},{"@type":"WebSite","@id":"https:\/\/leidenspamassages.nl\/#website","url":"https:\/\/leidenspamassages.nl\/","name":"Leiden Spa Massages &amp; Rituals","description":"","publisher":{"@id":"https:\/\/leidenspamassages.nl\/#organization"},"potentialAction":[{"@type":"SearchAction","target":{"@type":"EntryPoint","urlTemplate":"https:\/\/leidenspamassages.nl\/?s={search_term_string}"},"query-input":{"@type":"PropertyValueSpecification","valueRequired":true,"valueName":"search_term_string"}}],"inLanguage":"fr-FR"},{"@type":"Organization","@id":"https:\/\/leidenspamassages.nl\/#organization","name":"Leiden Spa Massages &amp; Rituals","url":"https:\/\/leidenspamassages.nl\/","logo":{"@type":"ImageObject","inLanguage":"fr-FR","@id":"https:\/\/leidenspamassages.nl\/#\/schema\/logo\/image\/","url":"https:\/\/leidenspamassages.nl\/wp-content\/uploads\/sites\/3\/2022\/12\/Leiden_Spa_Massage_en_Rituals-logo.png","contentUrl":"https:\/\/leidenspamassages.nl\/wp-content\/uploads\/sites\/3\/2022\/12\/Leiden_Spa_Massage_en_Rituals-logo.png","width":1000,"height":502,"caption":"Leiden Spa Massages &amp; Rituals"},"image":{"@id":"https:\/\/leidenspamassages.nl\/#\/schema\/logo\/image\/"}}]}},"_links":{"self":[{"href":"https:\/\/leidenspamassages.nl\/fr\/wp-json\/wp\/v2\/product\/1004","targetHints":{"allow":["GET"]}}],"collection":[{"href":"https:\/\/leidenspamassages.nl\/fr\/wp-json\/wp\/v2\/product"}],"about":[{"href":"https:\/\/leidenspamassages.nl\/fr\/wp-json\/wp\/v2\/types\/product"}],"wp:featuredmedia":[{"embeddable":true,"href":"https:\/\/leidenspamassages.nl\/fr\/wp-json\/wp\/v2\/media\/1005"}],"wp:attachment":[{"href":"https:\/\/leidenspamassages.nl\/fr\/wp-json\/wp\/v2\/media?parent=1004"}],"wp:term":[{"taxonomy":"product_brand","embeddable":true,"href":"https:\/\/leidenspamassages.nl\/fr\/wp-json\/wp\/v2\/product_brand?post=1004"},{"taxonomy":"product_cat","embeddable":true,"href":"https:\/\/leidenspamassages.nl\/fr\/wp-json\/wp\/v2\/product_cat?post=1004"},{"taxonomy":"product_tag","embeddable":true,"href":"https:\/\/leidenspamassages.nl\/fr\/wp-json\/wp\/v2\/product_tag?post=1004"},{"taxonomy":"giftcard-category","embeddable":true,"href":"https:\/\/leidenspamassages.nl\/fr\/wp-json\/wp\/v2\/giftcard-category?post=1004"}],"curies":[{"name":"wp","href":"https:\/\/api.w.org\/{rel}","templated":true}]}}